{"id":9214,"date":"2021-06-09T09:39:58","date_gmt":"2021-06-09T09:39:58","guid":{"rendered":"http:\/\/vinoveritas.com.mo\/?post_type=product&#038;p=9214"},"modified":"2021-07-01T02:41:31","modified_gmt":"2021-07-01T02:41:31","slug":"anselmo-mendes-curtimenta-2017","status":"publish","type":"product","link":"https:\/\/vinoveritas.com.mo\/zh\/products\/wines\/white\/anselmo-mendes-curtimenta-2017\/","title":{"rendered":"\u5e93\u8fea\u6587\u5854\u767d\u8461\u8404\u9152"},"content":{"rendered":"<p>\u8fd9\u6b3e\u767d\u8461\u8404\u9152\u7531\u4ec5\u5728\u8499\u6851\u548c\u6885\u5c14\u52a0\u7d22\u5730\u533a\uff08Mon\u00e7\u00e3o e Melga\u00e7o\uff09\u751f\u4ea7\u7684\u963f\u5c14\u74e6\u91cc\u8bfa\u8461\u8404\uff08Alvarinho\uff09\u917f\u5236\u800c\u6210\u7684\u3002\u8461\u8404\u6811\u6811\u9f84\u8d85\u8fc714\u5e74\uff0c\u4ea7\u91cf\u4f4e\uff0c\u9178\u5ea6\u9ad8\uff0c\u6210\u719f\u5ea6\u597d\u3002\u8fd9\u662f\u4e00\u6b3e\u4ee5\u8001\u5f0f\u65b9\u6cd5\u6539\u9769\u917f\u9020\u51fa\u6765\u7684\u8461\u8404\u9152\uff0c\u917f\u9020\u51fa\u6765\u7684\u767d\u8461\u8404\u9152\u989c\u8272\u66f4\u6df1\u3001\u5355\u5b81\u66f4\u591a\uff0c\u8fd9\u79cd\u6539\u826f\u8fc7\u7684\u917f\u9152\u65b9\u6cd5\u76ee\u7684\u5728\u4e8e\u63a2\u7d22\u963f\u5c14\u74e6\u91cc\u8bfa\u8461\u8404\u54c1\u79cd\u7684\u5168\u90e8\u6f5c\u529b\u3002<\/p>\n<p>&nbsp;<\/p>","protected":false},"excerpt":{"rendered":"<p>\u8fd9\u6b3e\u767d\u8461\u8404\u9152\u7531\u4ec5\u5728\u8499\u6851\u548c\u6885\u5c14\u52a0\u7d22\u5730\u533a\uff08Mon\u00e7\u00e3o e Melga\u00e7o\uff09\u751f\u4ea7\u7684\u963f\u5c14\u74e6\u91cc\u8bfa\u8461\u8404\uff08Alvarinh [&hellip;]<\/p>\n","protected":false},"featured_media":9215,"comment_status":"open","ping_status":"closed","template":"","meta":{"_acf_changed":false},"product_cat":[6,11],"product_tag":[],"acf":[],"_links":{"self":[{"href":"https:\/\/vinoveritas.com.mo\/zh\/wp-json\/wp\/v2\/product\/9214"}],"collection":[{"href":"https:\/\/vinoveritas.com.mo\/zh\/wp-json\/wp\/v2\/product"}],"about":[{"href":"https:\/\/vinoveritas.com.mo\/zh\/wp-json\/wp\/v2\/types\/product"}],"replies":[{"embeddable":true,"href":"https:\/\/vinoveritas.com.mo\/zh\/wp-json\/wp\/v2\/comments?post=9214"}],"wp:featuredmedia":[{"embeddable":true,"href":"https:\/\/vinoveritas.com.mo\/zh\/wp-json\/wp\/v2\/media\/9215"}],"wp:attachment":[{"href":"https:\/\/vinoveritas.com.mo\/zh\/wp-json\/wp\/v2\/media?parent=9214"}],"wp:term":[{"taxonomy":"product_cat","embeddable":true,"href":"https:\/\/vinoveritas.com.mo\/zh\/wp-json\/wp\/v2\/product_cat?post=9214"},{"taxonomy":"product_tag","embeddable":true,"href":"https:\/\/vinoveritas.com.mo\/zh\/wp-json\/wp\/v2\/product_tag?post=9214"}],"curies":[{"name":"wp","href":"https:\/\/api.w.org\/{rel}","templated":true}]}}