{"id":3716,"date":"2015-08-11T07:56:49","date_gmt":"2015-08-11T07:56:49","guid":{"rendered":"http:\/\/vinoveritas.com.mo\/?post_type=product&#038;p=3716"},"modified":"2021-07-01T02:16:38","modified_gmt":"2021-07-01T02:16:38","slug":"curtimenta-2012","status":"publish","type":"product","link":"https:\/\/vinoveritas.com.mo\/zh\/products\/wines\/white\/curtimenta-2012\/","title":{"rendered":"\u5e93\u8fea\u6587\u5854\u767d\u8461\u8404\u9152"},"content":{"rendered":"<p>\u7531\u963f\u74e6\u91cc\u8bfa\u8461\u8404\u917f\u9020\u7684\u767d\u8461\u8404\u9152\uff0c\u53ea\u5728\u8499\u6851\u548c\u6885\u5c14\u52a0\u7d22\uff08Mon\u00e7\u00e3o e Melga\u00e7o\uff09\u751f\u4ea7\u3002\u8fd9\u4e9b\u8461\u8404\u85e4\u5df2\u7ecf\u670912\u5e74\u7684\u6811\u9f84\u4e86\u3002<\/p>","protected":false},"excerpt":{"rendered":"<p>\u7531\u963f\u74e6\u91cc\u8bfa\u8461\u8404\u917f\u9020\u7684\u767d\u8461\u8404\u9152\uff0c\u53ea\u5728\u8499\u6851\u548c\u6885\u5c14\u52a0\u7d22\uff08Mon\u00e7\u00e3o e Melga\u00e7o\uff09\u751f\u4ea7\u3002\u8fd9\u4e9b\u8461\u8404\u85e4\u5df2\u7ecf\u670912 [&hellip;]<\/p>\n","protected":false},"featured_media":9403,"comment_status":"open","ping_status":"closed","template":"","meta":{"_acf_changed":false},"product_cat":[6,11],"product_tag":[],"acf":[],"_links":{"self":[{"href":"https:\/\/vinoveritas.com.mo\/zh\/wp-json\/wp\/v2\/product\/3716"}],"collection":[{"href":"https:\/\/vinoveritas.com.mo\/zh\/wp-json\/wp\/v2\/product"}],"about":[{"href":"https:\/\/vinoveritas.com.mo\/zh\/wp-json\/wp\/v2\/types\/product"}],"replies":[{"embeddable":true,"href":"https:\/\/vinoveritas.com.mo\/zh\/wp-json\/wp\/v2\/comments?post=3716"}],"wp:featuredmedia":[{"embeddable":true,"href":"https:\/\/vinoveritas.com.mo\/zh\/wp-json\/wp\/v2\/media\/9403"}],"wp:attachment":[{"href":"https:\/\/vinoveritas.com.mo\/zh\/wp-json\/wp\/v2\/media?parent=3716"}],"wp:term":[{"taxonomy":"product_cat","embeddable":true,"href":"https:\/\/vinoveritas.com.mo\/zh\/wp-json\/wp\/v2\/product_cat?post=3716"},{"taxonomy":"product_tag","embeddable":true,"href":"https:\/\/vinoveritas.com.mo\/zh\/wp-json\/wp\/v2\/product_tag?post=3716"}],"curies":[{"name":"wp","href":"https:\/\/api.w.org\/{rel}","templated":true}]}}