{"id":9422,"date":"2021-07-02T07:06:08","date_gmt":"2021-07-02T07:06:08","guid":{"rendered":"http:\/\/vinoveritas.com.mo\/?post_type=product&#038;p=9422"},"modified":"2021-07-02T07:31:53","modified_gmt":"2021-07-02T07:31:53","slug":"cabriz-sauvignon-blanc","status":"publish","type":"product","link":"https:\/\/vinoveritas.com.mo\/pt\/products\/wines\/white\/cabriz-sauvignon-blanc\/","title":{"rendered":"Cabriz Sauvignon Blanc"},"content":{"rendered":"<p>Aspecto: Cristalino.<br \/>\nCor: Citrina definida com ligeiros tons esverdeados.<br \/>\nAroma: Distinta intensidade arom\u00e1tica, sendo predominante em frutos tropicais, frutos ex\u00f3ticos, flor de citrinos e nuances de frutos secos.<br \/>\nSabor: Frutado, fresco, not\u00f3rio volume de boca, elegante e distinta persist\u00eancia.<\/p>","protected":false},"excerpt":{"rendered":"<p>Aspecto: Cristalino. Cor: Citrina definida com ligeiros tons esverdeados. Aroma: Distinta intensidade arom\u00e1tica, sendo predominante em frutos tropicais, frutos ex\u00f3ticos, flor de citrinos e nuances de frutos secos. Sabor: Frutado, fresco, not\u00f3rio volume de boca, elegante e distinta persist\u00eancia.<\/p>\n","protected":false},"featured_media":9423,"comment_status":"open","ping_status":"closed","template":"","meta":{"_acf_changed":false},"product_cat":[11],"product_tag":[],"acf":[],"_links":{"self":[{"href":"https:\/\/vinoveritas.com.mo\/pt\/wp-json\/wp\/v2\/product\/9422"}],"collection":[{"href":"https:\/\/vinoveritas.com.mo\/pt\/wp-json\/wp\/v2\/product"}],"about":[{"href":"https:\/\/vinoveritas.com.mo\/pt\/wp-json\/wp\/v2\/types\/product"}],"replies":[{"embeddable":true,"href":"https:\/\/vinoveritas.com.mo\/pt\/wp-json\/wp\/v2\/comments?post=9422"}],"wp:featuredmedia":[{"embeddable":true,"href":"https:\/\/vinoveritas.com.mo\/pt\/wp-json\/wp\/v2\/media\/9423"}],"wp:attachment":[{"href":"https:\/\/vinoveritas.com.mo\/pt\/wp-json\/wp\/v2\/media?parent=9422"}],"wp:term":[{"taxonomy":"product_cat","embeddable":true,"href":"https:\/\/vinoveritas.com.mo\/pt\/wp-json\/wp\/v2\/product_cat?post=9422"},{"taxonomy":"product_tag","embeddable":true,"href":"https:\/\/vinoveritas.com.mo\/pt\/wp-json\/wp\/v2\/product_tag?post=9422"}],"curies":[{"name":"wp","href":"https:\/\/api.w.org\/{rel}","templated":true}]}}