{"id":9258,"date":"2021-06-14T04:45:18","date_gmt":"2021-06-14T04:45:18","guid":{"rendered":"http:\/\/vinoveritas.com.mo\/?post_type=product&#038;p=9258"},"modified":"2021-06-14T04:45:18","modified_gmt":"2021-06-14T04:45:18","slug":"charme-2018","status":"publish","type":"product","link":"https:\/\/vinoveritas.com.mo\/pt\/products\/wines\/red\/charme-2018\/","title":{"rendered":"Charme"},"content":{"rendered":"<p>O Charme \u00e9 um vinho raro do Douro. A sua eleg\u00e2ncia e complexidade, os seus taninos envolventes e macios, s\u00e3o uma forma \u00fanica de expressar as vinhas velhas, mais frescas e abrigadas de Vale de Mendiz, em pleno vale do Pinh\u00e3o.<br \/>\nDirk Niepoort tem no Charme a sua derradeira interpreta\u00e7\u00e3o e denunciada paix\u00e3o pela regi\u00e3o de Borgonha.<br \/>\nUm vinho de assinatura, um vinho \u00edmpar. O Charme \u00e9 o \u00fanico vinho tranquilo produzido na adega de Vale de Mendiz, nos lagares redondos de granito.<\/p>","protected":false},"excerpt":{"rendered":"<p>O Charme \u00e9 um vinho raro do Douro. A sua eleg\u00e2ncia e complexidade, os seus taninos envolventes e macios, s\u00e3o uma forma \u00fanica de expressar as vinhas velhas, mais frescas e abrigadas de Vale de Mendiz, em pleno vale do Pinh\u00e3o. Dirk Niepoort tem no Charme a sua derradeira interpreta\u00e7\u00e3o e denunciada paix\u00e3o pela regi\u00e3o [&hellip;]<\/p>\n","protected":false},"featured_media":9259,"comment_status":"open","ping_status":"closed","template":"","meta":{"_acf_changed":false},"product_cat":[6,12],"product_tag":[],"acf":[],"_links":{"self":[{"href":"https:\/\/vinoveritas.com.mo\/pt\/wp-json\/wp\/v2\/product\/9258"}],"collection":[{"href":"https:\/\/vinoveritas.com.mo\/pt\/wp-json\/wp\/v2\/product"}],"about":[{"href":"https:\/\/vinoveritas.com.mo\/pt\/wp-json\/wp\/v2\/types\/product"}],"replies":[{"embeddable":true,"href":"https:\/\/vinoveritas.com.mo\/pt\/wp-json\/wp\/v2\/comments?post=9258"}],"wp:featuredmedia":[{"embeddable":true,"href":"https:\/\/vinoveritas.com.mo\/pt\/wp-json\/wp\/v2\/media\/9259"}],"wp:attachment":[{"href":"https:\/\/vinoveritas.com.mo\/pt\/wp-json\/wp\/v2\/media?parent=9258"}],"wp:term":[{"taxonomy":"product_cat","embeddable":true,"href":"https:\/\/vinoveritas.com.mo\/pt\/wp-json\/wp\/v2\/product_cat?post=9258"},{"taxonomy":"product_tag","embeddable":true,"href":"https:\/\/vinoveritas.com.mo\/pt\/wp-json\/wp\/v2\/product_tag?post=9258"}],"curies":[{"name":"wp","href":"https:\/\/api.w.org\/{rel}","templated":true}]}}