{"id":9241,"date":"2021-06-14T02:19:09","date_gmt":"2021-06-14T02:19:09","guid":{"rendered":"http:\/\/vinoveritas.com.mo\/?post_type=product&#038;p=9241"},"modified":"2021-07-01T03:53:35","modified_gmt":"2021-07-01T03:53:35","slug":"malhadinha-regional-2019","status":"publish","type":"product","link":"https:\/\/vinoveritas.com.mo\/pt\/products\/wines\/rose\/malhadinha-regional-2019\/","title":{"rendered":"Malhadinha"},"content":{"rendered":"<p>A terceira edi\u00e7\u00e3o do Malhadinha Ros\u00e9 surge com uma cor rosada bastante p\u00e1lida, com um nariz marcadamente fresco com notas de fruta vermelha e violetas, barrica discreta e perfeitamente integrada. Na boca tem uma boa estrutura, acidez vibrante e um final longo. Um ros\u00e9 para a mesa.<\/p>","protected":false},"excerpt":{"rendered":"<p>A terceira edi\u00e7\u00e3o do Malhadinha Ros\u00e9 surge com uma cor rosada bastante p\u00e1lida, com um nariz marcadamente fresco com notas de fruta vermelha e violetas, barrica discreta e perfeitamente integrada. Na boca tem uma boa estrutura, acidez vibrante e um final longo. Um ros\u00e9 para a mesa.<\/p>\n","protected":false},"featured_media":9242,"comment_status":"open","ping_status":"closed","template":"","meta":{"_acf_changed":false},"product_cat":[6,23],"product_tag":[],"acf":[],"_links":{"self":[{"href":"https:\/\/vinoveritas.com.mo\/pt\/wp-json\/wp\/v2\/product\/9241"}],"collection":[{"href":"https:\/\/vinoveritas.com.mo\/pt\/wp-json\/wp\/v2\/product"}],"about":[{"href":"https:\/\/vinoveritas.com.mo\/pt\/wp-json\/wp\/v2\/types\/product"}],"replies":[{"embeddable":true,"href":"https:\/\/vinoveritas.com.mo\/pt\/wp-json\/wp\/v2\/comments?post=9241"}],"wp:featuredmedia":[{"embeddable":true,"href":"https:\/\/vinoveritas.com.mo\/pt\/wp-json\/wp\/v2\/media\/9242"}],"wp:attachment":[{"href":"https:\/\/vinoveritas.com.mo\/pt\/wp-json\/wp\/v2\/media?parent=9241"}],"wp:term":[{"taxonomy":"product_cat","embeddable":true,"href":"https:\/\/vinoveritas.com.mo\/pt\/wp-json\/wp\/v2\/product_cat?post=9241"},{"taxonomy":"product_tag","embeddable":true,"href":"https:\/\/vinoveritas.com.mo\/pt\/wp-json\/wp\/v2\/product_tag?post=9241"}],"curies":[{"name":"wp","href":"https:\/\/api.w.org\/{rel}","templated":true}]}}