{"id":9222,"date":"2021-06-10T01:48:58","date_gmt":"2021-06-10T01:48:58","guid":{"rendered":"http:\/\/vinoveritas.com.mo\/?post_type=product&#038;p=9222"},"modified":"2021-07-01T07:17:25","modified_gmt":"2021-07-01T07:17:25","slug":"muros-antigos-escolha-2020","status":"publish","type":"product","link":"https:\/\/vinoveritas.com.mo\/pt\/products\/wines\/white\/muros-antigos-escolha-2020\/","title":{"rendered":"Muros Antigos Escolha"},"content":{"rendered":"<p>Vinho branco feito da selec\u00e7\u00e3o das tr\u00eas melhores castas brancas da Regi\u00e3o: Alvarinho, Loureiro e Avesso. O Alvarinho transmite estrutura e corpo, o Loureiro intensidade arom\u00e1tica e o Avesso acidez e mineralidade.<\/p>","protected":false},"excerpt":{"rendered":"<p>Vinho branco feito da selec\u00e7\u00e3o das tr\u00eas melhores castas brancas da Regi\u00e3o: Alvarinho, Loureiro e Avesso. O Alvarinho transmite estrutura e corpo, o Loureiro intensidade arom\u00e1tica e o Avesso acidez e mineralidade.<\/p>\n","protected":false},"featured_media":9223,"comment_status":"open","ping_status":"closed","template":"","meta":{"_acf_changed":false},"product_cat":[6,11],"product_tag":[],"acf":[],"_links":{"self":[{"href":"https:\/\/vinoveritas.com.mo\/pt\/wp-json\/wp\/v2\/product\/9222"}],"collection":[{"href":"https:\/\/vinoveritas.com.mo\/pt\/wp-json\/wp\/v2\/product"}],"about":[{"href":"https:\/\/vinoveritas.com.mo\/pt\/wp-json\/wp\/v2\/types\/product"}],"replies":[{"embeddable":true,"href":"https:\/\/vinoveritas.com.mo\/pt\/wp-json\/wp\/v2\/comments?post=9222"}],"wp:featuredmedia":[{"embeddable":true,"href":"https:\/\/vinoveritas.com.mo\/pt\/wp-json\/wp\/v2\/media\/9223"}],"wp:attachment":[{"href":"https:\/\/vinoveritas.com.mo\/pt\/wp-json\/wp\/v2\/media?parent=9222"}],"wp:term":[{"taxonomy":"product_cat","embeddable":true,"href":"https:\/\/vinoveritas.com.mo\/pt\/wp-json\/wp\/v2\/product_cat?post=9222"},{"taxonomy":"product_tag","embeddable":true,"href":"https:\/\/vinoveritas.com.mo\/pt\/wp-json\/wp\/v2\/product_tag?post=9222"}],"curies":[{"name":"wp","href":"https:\/\/api.w.org\/{rel}","templated":true}]}}