{"id":9214,"date":"2021-06-09T09:39:58","date_gmt":"2021-06-09T09:39:58","guid":{"rendered":"http:\/\/vinoveritas.com.mo\/?post_type=product&#038;p=9214"},"modified":"2021-07-01T02:41:31","modified_gmt":"2021-07-01T02:41:31","slug":"anselmo-mendes-curtimenta-2017","status":"publish","type":"product","link":"https:\/\/vinoveritas.com.mo\/pt\/products\/wines\/white\/anselmo-mendes-curtimenta-2017\/","title":{"rendered":"Anselmo Mendes Curtimenta"},"content":{"rendered":"<p>Vinho branco feito de uvas da casta Alvarinho exclusivamente produzidas em Mon\u00e7\u00e3o e Melga\u00e7o. As vinhas t\u00eam mais de 14 anos e s\u00e3o de baixa produ\u00e7\u00e3o com n\u00edveis elevados de acidez e boa matura\u00e7\u00e3o. \u00c9 um vinho feito \u00e0 antiga com curtimenta, com mais cor e mais taninos. Pretende explorar ao m\u00e1ximo o potencial da casta Alvarinho.<\/p>","protected":false},"excerpt":{"rendered":"<p>Vinho branco feito de uvas da casta Alvarinho exclusivamente produzidas em Mon\u00e7\u00e3o e Melga\u00e7o. As vinhas t\u00eam mais de 14 anos e s\u00e3o de baixa produ\u00e7\u00e3o com n\u00edveis elevados de acidez e boa matura\u00e7\u00e3o. \u00c9 um vinho feito \u00e0 antiga com curtimenta, com mais cor e mais taninos. Pretende explorar ao m\u00e1ximo o potencial da [&hellip;]<\/p>\n","protected":false},"featured_media":9215,"comment_status":"open","ping_status":"closed","template":"","meta":{"_acf_changed":false},"product_cat":[6,11],"product_tag":[],"acf":[],"_links":{"self":[{"href":"https:\/\/vinoveritas.com.mo\/pt\/wp-json\/wp\/v2\/product\/9214"}],"collection":[{"href":"https:\/\/vinoveritas.com.mo\/pt\/wp-json\/wp\/v2\/product"}],"about":[{"href":"https:\/\/vinoveritas.com.mo\/pt\/wp-json\/wp\/v2\/types\/product"}],"replies":[{"embeddable":true,"href":"https:\/\/vinoveritas.com.mo\/pt\/wp-json\/wp\/v2\/comments?post=9214"}],"wp:featuredmedia":[{"embeddable":true,"href":"https:\/\/vinoveritas.com.mo\/pt\/wp-json\/wp\/v2\/media\/9215"}],"wp:attachment":[{"href":"https:\/\/vinoveritas.com.mo\/pt\/wp-json\/wp\/v2\/media?parent=9214"}],"wp:term":[{"taxonomy":"product_cat","embeddable":true,"href":"https:\/\/vinoveritas.com.mo\/pt\/wp-json\/wp\/v2\/product_cat?post=9214"},{"taxonomy":"product_tag","embeddable":true,"href":"https:\/\/vinoveritas.com.mo\/pt\/wp-json\/wp\/v2\/product_tag?post=9214"}],"curies":[{"name":"wp","href":"https:\/\/api.w.org\/{rel}","templated":true}]}}