{"id":9095,"date":"2021-06-07T03:24:04","date_gmt":"2021-06-07T03:24:04","guid":{"rendered":"http:\/\/vinoveritas.com.mo\/?post_type=product&#038;p=9095"},"modified":"2021-07-02T07:51:20","modified_gmt":"2021-07-02T07:51:20","slug":"cabriz-reserva-2019","status":"publish","type":"product","link":"https:\/\/vinoveritas.com.mo\/pt\/products\/wines\/white\/cabriz-reserva-2019\/","title":{"rendered":"Cabriz Reserva"},"content":{"rendered":"<p>Cabriz Reserva Branco \u00e9 produzido a partir da casta branca t\u00edpica da regi\u00e3o, o Encruzado. Para aquele peixe no forno ou os queijos macios. Na mesa fica sempre bem e vai sempre parecer um daqueles vinhos franceses caros da Borgonha.<\/p>","protected":false},"excerpt":{"rendered":"<p>Cabriz Reserva Branco \u00e9 produzido a partir da casta branca t\u00edpica da regi\u00e3o, o Encruzado. Para aquele peixe no forno ou os queijos macios. Na mesa fica sempre bem e vai sempre parecer um daqueles vinhos franceses caros da Borgonha.<\/p>\n","protected":false},"featured_media":9136,"comment_status":"open","ping_status":"closed","template":"","meta":{"_acf_changed":false},"product_cat":[6,11],"product_tag":[],"acf":[],"_links":{"self":[{"href":"https:\/\/vinoveritas.com.mo\/pt\/wp-json\/wp\/v2\/product\/9095"}],"collection":[{"href":"https:\/\/vinoveritas.com.mo\/pt\/wp-json\/wp\/v2\/product"}],"about":[{"href":"https:\/\/vinoveritas.com.mo\/pt\/wp-json\/wp\/v2\/types\/product"}],"replies":[{"embeddable":true,"href":"https:\/\/vinoveritas.com.mo\/pt\/wp-json\/wp\/v2\/comments?post=9095"}],"wp:featuredmedia":[{"embeddable":true,"href":"https:\/\/vinoveritas.com.mo\/pt\/wp-json\/wp\/v2\/media\/9136"}],"wp:attachment":[{"href":"https:\/\/vinoveritas.com.mo\/pt\/wp-json\/wp\/v2\/media?parent=9095"}],"wp:term":[{"taxonomy":"product_cat","embeddable":true,"href":"https:\/\/vinoveritas.com.mo\/pt\/wp-json\/wp\/v2\/product_cat?post=9095"},{"taxonomy":"product_tag","embeddable":true,"href":"https:\/\/vinoveritas.com.mo\/pt\/wp-json\/wp\/v2\/product_tag?post=9095"}],"curies":[{"name":"wp","href":"https:\/\/api.w.org\/{rel}","templated":true}]}}