{"id":9074,"date":"2021-05-29T09:13:24","date_gmt":"2021-05-29T09:13:24","guid":{"rendered":"http:\/\/vinoveritas.com.mo\/?post_type=product&#038;p=9074"},"modified":"2021-07-01T01:00:41","modified_gmt":"2021-07-01T01:00:41","slug":"duas-quintas-2018","status":"publish","type":"product","link":"https:\/\/vinoveritas.com.mo\/pt\/products\/wines\/white\/duas-quintas-2018\/","title":{"rendered":"Duas Quintas"},"content":{"rendered":"<p>O Duas Quintas Branco \u00e9 um vinho do Douro Superior, proveniente da Quinta de Ervamoira (150 metros de altitude) e da Quinta dos Bons Ares (600 metros de altitude), elaborado com castas locais. \u00c9 um branco genu\u00edno, estruturado e encorpado, mas igualmente fino e elegante, que exprime o potencial desta maravilhosa sub-regi\u00e3o.<\/p>","protected":false},"excerpt":{"rendered":"<p>O Duas Quintas Branco \u00e9 um vinho do Douro Superior, proveniente da Quinta de Ervamoira (150 metros de altitude) e da Quinta dos Bons Ares (600 metros de altitude), elaborado com castas locais. \u00c9 um branco genu\u00edno, estruturado e encorpado, mas igualmente fino e elegante, que exprime o potencial desta maravilhosa sub-regi\u00e3o.<\/p>\n","protected":false},"featured_media":5228,"comment_status":"closed","ping_status":"closed","template":"","meta":{"_acf_changed":false},"product_cat":[6,11],"product_tag":[],"acf":[],"_links":{"self":[{"href":"https:\/\/vinoveritas.com.mo\/pt\/wp-json\/wp\/v2\/product\/9074"}],"collection":[{"href":"https:\/\/vinoveritas.com.mo\/pt\/wp-json\/wp\/v2\/product"}],"about":[{"href":"https:\/\/vinoveritas.com.mo\/pt\/wp-json\/wp\/v2\/types\/product"}],"replies":[{"embeddable":true,"href":"https:\/\/vinoveritas.com.mo\/pt\/wp-json\/wp\/v2\/comments?post=9074"}],"wp:featuredmedia":[{"embeddable":true,"href":"https:\/\/vinoveritas.com.mo\/pt\/wp-json\/wp\/v2\/media\/5228"}],"wp:attachment":[{"href":"https:\/\/vinoveritas.com.mo\/pt\/wp-json\/wp\/v2\/media?parent=9074"}],"wp:term":[{"taxonomy":"product_cat","embeddable":true,"href":"https:\/\/vinoveritas.com.mo\/pt\/wp-json\/wp\/v2\/product_cat?post=9074"},{"taxonomy":"product_tag","embeddable":true,"href":"https:\/\/vinoveritas.com.mo\/pt\/wp-json\/wp\/v2\/product_tag?post=9074"}],"curies":[{"name":"wp","href":"https:\/\/api.w.org\/{rel}","templated":true}]}}