{"id":9065,"date":"2021-05-22T09:33:33","date_gmt":"2021-05-22T09:33:33","guid":{"rendered":"http:\/\/vinoveritas.com.mo\/?post_type=product&#038;p=9065"},"modified":"2021-05-29T06:43:01","modified_gmt":"2021-05-29T06:43:01","slug":"herdade-dos-grous-moon-harvested-2018","status":"publish","type":"product","link":"https:\/\/vinoveritas.com.mo\/pt\/products\/wines\/red\/herdade-dos-grous-moon-harvested-2018\/","title":{"rendered":"Herdade dos Grous Moon Harvested"},"content":{"rendered":"<p>O Herdade dos Grous Moon Harvested nasce de um princ\u00edpio, que se fundamenta na jun\u00e7\u00e3o de conhecimentos ancestrais com estudos recentes, nos quais os ciclos da lua interagem com o desenvolvimento fisiol\u00f3gico das plantas, nomeadamente com a intensidade do transporte da seiva em determinadas fases lunares.<\/p>\n<p>Este \u00e9 um vinho proveniente de um ensaio com a casta Alicante Bouchet. Apresenta-se vigoroso e bem estruturado, com aroma complexo de fruta madura e notas bem integradas de madeira. Tem um sabor rico, redondo,\u00a0com taninos maduros e sedosos.<br \/>\n<\/p>","protected":false},"excerpt":{"rendered":"<p>O Herdade dos Grous Moon Harvested nasce de um princ\u00edpio, que se fundamenta na jun\u00e7\u00e3o de conhecimentos ancestrais com estudos recentes, nos quais os ciclos da lua interagem com o desenvolvimento fisiol\u00f3gico das plantas, nomeadamente com a intensidade do transporte da seiva em determinadas fases lunares. Este \u00e9 um vinho proveniente de um ensaio com [&hellip;]<\/p>\n","protected":false},"featured_media":6924,"comment_status":"closed","ping_status":"closed","template":"","meta":{"_acf_changed":false},"product_cat":[6,12],"product_tag":[],"acf":[],"_links":{"self":[{"href":"https:\/\/vinoveritas.com.mo\/pt\/wp-json\/wp\/v2\/product\/9065"}],"collection":[{"href":"https:\/\/vinoveritas.com.mo\/pt\/wp-json\/wp\/v2\/product"}],"about":[{"href":"https:\/\/vinoveritas.com.mo\/pt\/wp-json\/wp\/v2\/types\/product"}],"replies":[{"embeddable":true,"href":"https:\/\/vinoveritas.com.mo\/pt\/wp-json\/wp\/v2\/comments?post=9065"}],"wp:featuredmedia":[{"embeddable":true,"href":"https:\/\/vinoveritas.com.mo\/pt\/wp-json\/wp\/v2\/media\/6924"}],"wp:attachment":[{"href":"https:\/\/vinoveritas.com.mo\/pt\/wp-json\/wp\/v2\/media?parent=9065"}],"wp:term":[{"taxonomy":"product_cat","embeddable":true,"href":"https:\/\/vinoveritas.com.mo\/pt\/wp-json\/wp\/v2\/product_cat?post=9065"},{"taxonomy":"product_tag","embeddable":true,"href":"https:\/\/vinoveritas.com.mo\/pt\/wp-json\/wp\/v2\/product_tag?post=9065"}],"curies":[{"name":"wp","href":"https:\/\/api.w.org\/{rel}","templated":true}]}}