{"id":9047,"date":"2021-05-19T09:25:56","date_gmt":"2021-05-19T09:25:56","guid":{"rendered":"http:\/\/vinoveritas.com.mo\/?post_type=product&#038;p=9047"},"modified":"2021-05-19T09:54:26","modified_gmt":"2021-05-19T09:54:26","slug":"vinha-dos-amores-encruzado","status":"publish","type":"product","link":"https:\/\/vinoveritas.com.mo\/pt\/products\/wines\/white\/vinha-dos-amores-encruzado\/","title":{"rendered":"Vinha dos Amores Encruzado"},"content":{"rendered":"<p>Cor: Citrina intensa com abundantes tons esverdeados.<br \/>\nAroma: Alperce seco, notas ex\u00f3ticas, cereal tostado, gr\u00e3os tostados e baunilha.<br \/>\nSabor: Complexo, fresco, elegante, harmonioso e com longa persist\u00eancia.<\/p>","protected":false},"excerpt":{"rendered":"<p>Cor: Citrina intensa com abundantes tons esverdeados. Aroma: Alperce seco, notas ex\u00f3ticas, cereal tostado, gr\u00e3os tostados e baunilha. Sabor: Complexo, fresco, elegante, harmonioso e com longa persist\u00eancia.<\/p>\n","protected":false},"featured_media":9048,"comment_status":"open","ping_status":"closed","template":"","meta":{"_acf_changed":false},"product_cat":[11],"product_tag":[],"acf":[],"_links":{"self":[{"href":"https:\/\/vinoveritas.com.mo\/pt\/wp-json\/wp\/v2\/product\/9047"}],"collection":[{"href":"https:\/\/vinoveritas.com.mo\/pt\/wp-json\/wp\/v2\/product"}],"about":[{"href":"https:\/\/vinoveritas.com.mo\/pt\/wp-json\/wp\/v2\/types\/product"}],"replies":[{"embeddable":true,"href":"https:\/\/vinoveritas.com.mo\/pt\/wp-json\/wp\/v2\/comments?post=9047"}],"wp:featuredmedia":[{"embeddable":true,"href":"https:\/\/vinoveritas.com.mo\/pt\/wp-json\/wp\/v2\/media\/9048"}],"wp:attachment":[{"href":"https:\/\/vinoveritas.com.mo\/pt\/wp-json\/wp\/v2\/media?parent=9047"}],"wp:term":[{"taxonomy":"product_cat","embeddable":true,"href":"https:\/\/vinoveritas.com.mo\/pt\/wp-json\/wp\/v2\/product_cat?post=9047"},{"taxonomy":"product_tag","embeddable":true,"href":"https:\/\/vinoveritas.com.mo\/pt\/wp-json\/wp\/v2\/product_tag?post=9047"}],"curies":[{"name":"wp","href":"https:\/\/api.w.org\/{rel}","templated":true}]}}