{"id":8833,"date":"2020-09-14T01:34:39","date_gmt":"2020-09-14T01:34:39","guid":{"rendered":"http:\/\/vinoveritas.com.mo\/?post_type=product&#038;p=8833"},"modified":"2021-07-28T03:46:33","modified_gmt":"2021-07-28T03:46:33","slug":"crasto-honore-port","status":"publish","type":"product","link":"https:\/\/vinoveritas.com.mo\/pt\/products\/wines\/porto\/crasto-honore-port\/","title":{"rendered":"Crasto Honore Porto"},"content":{"rendered":"<p>Para comemorar uma data \u00fanica de uma das mais antigas Quintas do Douro, foi selecionado um vinho especial. HONORE \u00e9 um Porto tawny muito velho, com mais de 100 anos, proveniente de um n\u00famero muito reduzido de cascos, de colheitas anteriores a 1918, pertencentes ao stock de Constantino de Almeida e preservados na Quinta durante tr\u00eas gera\u00e7\u00f5es. Para esta edi\u00e7\u00e3o especial HONORE, foi cuidadosamente preparado um lote de uma s\u00e9rie limitada de 400 garrafas, o n\u00famero de anos da hist\u00f3ria desta Quinta. Um vinho \u00edmpar e um justo s\u00edmbolo de t\u00e3o importante marco hist\u00f3rico. HONORE \u00e9 produzido com materiais de exce\u00e7\u00e3o como prata, trabalhada \u00e0 m\u00e3o, cristal no seu mais elevado estado de pureza, selecionado por mestres vidreiros que garantem um brilho e transpar\u00eancia ex\u00edmios, assim como madeira nobre de nogueira totalmente maci\u00e7a e alc\u00e2ntara cosida \u00e0 m\u00e3o. Cada um dos 400 decanters, numerados individualmente, foi produzido utilizando vidro de cristal soprado no seu mais elevado estado de pureza, por mestres artes\u00e3os da empresa portuguesa reconhecida mundialmente \u2013 Atlantis. S\u00e3o 400 pe\u00e7as \u00fanicas, desenhadas e trabalhadas em exclusivo para esta edi\u00e7\u00e3o HONORE.<\/p>","protected":false},"excerpt":{"rendered":"<p>Para comemorar uma data \u00fanica de uma das mais antigas Quintas do Douro, foi selecionado um vinho especial. HONORE \u00e9 um Porto tawny muito velho, com mais de 100 anos, proveniente de um n\u00famero muito reduzido de cascos, de colheitas anteriores a 1918, pertencentes ao stock de Constantino de Almeida e preservados na Quinta durante [&hellip;]<\/p>\n","protected":false},"featured_media":8834,"comment_status":"open","ping_status":"closed","template":"","meta":{"_acf_changed":false},"product_cat":[6,14],"product_tag":[],"acf":[],"_links":{"self":[{"href":"https:\/\/vinoveritas.com.mo\/pt\/wp-json\/wp\/v2\/product\/8833"}],"collection":[{"href":"https:\/\/vinoveritas.com.mo\/pt\/wp-json\/wp\/v2\/product"}],"about":[{"href":"https:\/\/vinoveritas.com.mo\/pt\/wp-json\/wp\/v2\/types\/product"}],"replies":[{"embeddable":true,"href":"https:\/\/vinoveritas.com.mo\/pt\/wp-json\/wp\/v2\/comments?post=8833"}],"wp:featuredmedia":[{"embeddable":true,"href":"https:\/\/vinoveritas.com.mo\/pt\/wp-json\/wp\/v2\/media\/8834"}],"wp:attachment":[{"href":"https:\/\/vinoveritas.com.mo\/pt\/wp-json\/wp\/v2\/media?parent=8833"}],"wp:term":[{"taxonomy":"product_cat","embeddable":true,"href":"https:\/\/vinoveritas.com.mo\/pt\/wp-json\/wp\/v2\/product_cat?post=8833"},{"taxonomy":"product_tag","embeddable":true,"href":"https:\/\/vinoveritas.com.mo\/pt\/wp-json\/wp\/v2\/product_tag?post=8833"}],"curies":[{"name":"wp","href":"https:\/\/api.w.org\/{rel}","templated":true}]}}