{"id":8510,"date":"2020-06-04T03:24:49","date_gmt":"2020-06-04T03:24:49","guid":{"rendered":"http:\/\/vinoveritas.com.mo\/?post_type=product&#038;p=8510"},"modified":"2020-06-04T03:26:23","modified_gmt":"2020-06-04T03:26:23","slug":"murganheira-czar-grand-cuvee-brut-rose-2014","status":"publish","type":"product","link":"https:\/\/vinoveritas.com.mo\/pt\/products\/wines\/sparkling\/murganheira-czar-grand-cuvee-brut-rose-2014\/","title":{"rendered":"Murganheira Czar &#8220;Grand Cuvee&#8221; Rose Bruto"},"content":{"rendered":"<p>Um espumante vinificado com a casta de excel\u00eancia &#8220;Pinot Noir&#8221;.<\/p>\n<p>Este n\u00e9ctar ros\u00e9 resulta do cuidado e rigor caracter\u00edsticos da Murganheira, associados \u00e0s mais modernas t\u00e9cnicas aplicadas na obten\u00e7\u00e3o de grandes &#8220;Cuv\u00e9es&#8221;.<\/p>\n<p>Logo no seu lan\u00e7amento foi considerado um dos vinhos do ano pelo conceituado cr\u00edtico Jo\u00e3o Paulo Martins.<\/p>","protected":false},"excerpt":{"rendered":"<p>Um espumante vinificado com a casta de excel\u00eancia &#8220;Pinot Noir&#8221;. Este n\u00e9ctar ros\u00e9 resulta do cuidado e rigor caracter\u00edsticos da Murganheira, associados \u00e0s mais modernas t\u00e9cnicas aplicadas na obten\u00e7\u00e3o de grandes &#8220;Cuv\u00e9es&#8221;. Logo no seu lan\u00e7amento foi considerado um dos vinhos do ano pelo conceituado cr\u00edtico Jo\u00e3o Paulo Martins.<\/p>\n","protected":false},"featured_media":4454,"comment_status":"closed","ping_status":"closed","template":"","meta":{"_acf_changed":false},"product_cat":[6,23,10],"product_tag":[],"acf":[],"_links":{"self":[{"href":"https:\/\/vinoveritas.com.mo\/pt\/wp-json\/wp\/v2\/product\/8510"}],"collection":[{"href":"https:\/\/vinoveritas.com.mo\/pt\/wp-json\/wp\/v2\/product"}],"about":[{"href":"https:\/\/vinoveritas.com.mo\/pt\/wp-json\/wp\/v2\/types\/product"}],"replies":[{"embeddable":true,"href":"https:\/\/vinoveritas.com.mo\/pt\/wp-json\/wp\/v2\/comments?post=8510"}],"wp:featuredmedia":[{"embeddable":true,"href":"https:\/\/vinoveritas.com.mo\/pt\/wp-json\/wp\/v2\/media\/4454"}],"wp:attachment":[{"href":"https:\/\/vinoveritas.com.mo\/pt\/wp-json\/wp\/v2\/media?parent=8510"}],"wp:term":[{"taxonomy":"product_cat","embeddable":true,"href":"https:\/\/vinoveritas.com.mo\/pt\/wp-json\/wp\/v2\/product_cat?post=8510"},{"taxonomy":"product_tag","embeddable":true,"href":"https:\/\/vinoveritas.com.mo\/pt\/wp-json\/wp\/v2\/product_tag?post=8510"}],"curies":[{"name":"wp","href":"https:\/\/api.w.org\/{rel}","templated":true}]}}