{"id":8301,"date":"2020-01-30T08:10:58","date_gmt":"2020-01-30T08:10:58","guid":{"rendered":"http:\/\/vinoveritas.com.mo\/?post_type=product&#038;p=8301"},"modified":"2021-07-28T03:49:01","modified_gmt":"2021-07-28T03:49:01","slug":"grahams-single-harvest-tawny","status":"publish","type":"product","link":"https:\/\/vinoveritas.com.mo\/pt\/products\/wines\/porto\/grahams-single-harvest-tawny\/","title":{"rendered":"Grahams Single Harvest Tawny"},"content":{"rendered":"<p>Este vinho reflete a import\u00e2ncia do artesanato complementar e \u00e1reas de especializa\u00e7\u00e3o essenciais para moldar vinhos envelhecidos por d\u00e9cadas. Celebra o verdadeiro artesanato e eleg\u00e2ncia.<br \/>\nEste excepcional e antigo Porto Tawny re\u00fane os melhores artesanatos da longa tradi\u00e7\u00e3o vin\u00edcola de Graham. Foi fabricado em um dos anos mais c\u00e9lebres do s\u00e9culo XX para o Porto &#8211; 1963. Nesta safra, a Graham produziu o excelente Porto Vintage (envelhecido em garrafa) e o Tawny Port (envelhecido em barris de carvalho).<\/p>","protected":false},"excerpt":{"rendered":"<p>Este vinho reflete a import\u00e2ncia do artesanato complementar e \u00e1reas de especializa\u00e7\u00e3o essenciais para moldar vinhos envelhecidos por d\u00e9cadas. Celebra o verdadeiro artesanato e eleg\u00e2ncia. Este excepcional e antigo Porto Tawny re\u00fane os melhores artesanatos da longa tradi\u00e7\u00e3o vin\u00edcola de Graham. Foi fabricado em um dos anos mais c\u00e9lebres do s\u00e9culo XX para o Porto [&hellip;]<\/p>\n","protected":false},"featured_media":8302,"comment_status":"open","ping_status":"closed","template":"","meta":{"_acf_changed":false},"product_cat":[14],"product_tag":[],"acf":[],"_links":{"self":[{"href":"https:\/\/vinoveritas.com.mo\/pt\/wp-json\/wp\/v2\/product\/8301"}],"collection":[{"href":"https:\/\/vinoveritas.com.mo\/pt\/wp-json\/wp\/v2\/product"}],"about":[{"href":"https:\/\/vinoveritas.com.mo\/pt\/wp-json\/wp\/v2\/types\/product"}],"replies":[{"embeddable":true,"href":"https:\/\/vinoveritas.com.mo\/pt\/wp-json\/wp\/v2\/comments?post=8301"}],"wp:featuredmedia":[{"embeddable":true,"href":"https:\/\/vinoveritas.com.mo\/pt\/wp-json\/wp\/v2\/media\/8302"}],"wp:attachment":[{"href":"https:\/\/vinoveritas.com.mo\/pt\/wp-json\/wp\/v2\/media?parent=8301"}],"wp:term":[{"taxonomy":"product_cat","embeddable":true,"href":"https:\/\/vinoveritas.com.mo\/pt\/wp-json\/wp\/v2\/product_cat?post=8301"},{"taxonomy":"product_tag","embeddable":true,"href":"https:\/\/vinoveritas.com.mo\/pt\/wp-json\/wp\/v2\/product_tag?post=8301"}],"curies":[{"name":"wp","href":"https:\/\/api.w.org\/{rel}","templated":true}]}}