{"id":8296,"date":"2020-01-30T06:47:43","date_gmt":"2020-01-30T06:47:43","guid":{"rendered":"http:\/\/vinoveritas.com.mo\/?post_type=product&#038;p=8296"},"modified":"2020-01-30T06:55:34","modified_gmt":"2020-01-30T06:55:34","slug":"gon%c3%a7alves-faria-2013-2","status":"publish","type":"product","link":"https:\/\/vinoveritas.com.mo\/pt\/products\/wines\/red\/gon%c3%a7alves-faria-2013-2\/","title":{"rendered":"Gon\u00e7alves Faria"},"content":{"rendered":"<p>Ant\u00f3nio Maria Gon\u00e7alves Faria foi um dos m\u00edticos produtores da Bairrada nos anos 90. Vinhos como o Tonel 5 1990 ou o Reserva 1991 ficar\u00e3o gravados para sempre na hist\u00f3ria da Bairrada. Para Dirk Niepoort (que chegou a ser o distribuidor destes vinhos), poder trabalhar estas vinhas magn\u00edficas \u00e9 um enorme privil\u00e9gio. Tentaremos, ano ap\u00f3s ano, homenagear o saudoso Ant\u00f3nio Maria Gon\u00e7alves Faria e o seu filho Jo\u00e3o Pedro, hoje respons\u00e1vel pelo trabalho nas vinhas, produzindo vinhos intemporais, profundos e com muito car\u00e1cter.<\/p>","protected":false},"excerpt":{"rendered":"<p>Ant\u00f3nio Maria Gon\u00e7alves Faria foi um dos m\u00edticos produtores da Bairrada nos anos 90. Vinhos como o Tonel 5 1990 ou o Reserva 1991 ficar\u00e3o gravados para sempre na hist\u00f3ria da Bairrada. Para Dirk Niepoort (que chegou a ser o distribuidor destes vinhos), poder trabalhar estas vinhas magn\u00edficas \u00e9 um enorme privil\u00e9gio. Tentaremos, ano ap\u00f3s [&hellip;]<\/p>\n","protected":false},"featured_media":7399,"comment_status":"open","ping_status":"closed","template":"","meta":{"_acf_changed":false},"product_cat":[12],"product_tag":[],"acf":[],"_links":{"self":[{"href":"https:\/\/vinoveritas.com.mo\/pt\/wp-json\/wp\/v2\/product\/8296"}],"collection":[{"href":"https:\/\/vinoveritas.com.mo\/pt\/wp-json\/wp\/v2\/product"}],"about":[{"href":"https:\/\/vinoveritas.com.mo\/pt\/wp-json\/wp\/v2\/types\/product"}],"replies":[{"embeddable":true,"href":"https:\/\/vinoveritas.com.mo\/pt\/wp-json\/wp\/v2\/comments?post=8296"}],"wp:featuredmedia":[{"embeddable":true,"href":"https:\/\/vinoveritas.com.mo\/pt\/wp-json\/wp\/v2\/media\/7399"}],"wp:attachment":[{"href":"https:\/\/vinoveritas.com.mo\/pt\/wp-json\/wp\/v2\/media?parent=8296"}],"wp:term":[{"taxonomy":"product_cat","embeddable":true,"href":"https:\/\/vinoveritas.com.mo\/pt\/wp-json\/wp\/v2\/product_cat?post=8296"},{"taxonomy":"product_tag","embeddable":true,"href":"https:\/\/vinoveritas.com.mo\/pt\/wp-json\/wp\/v2\/product_tag?post=8296"}],"curies":[{"name":"wp","href":"https:\/\/api.w.org\/{rel}","templated":true}]}}