{"id":8233,"date":"2020-01-17T09:49:34","date_gmt":"2020-01-17T09:49:34","guid":{"rendered":"http:\/\/vinoveritas.com.mo\/?post_type=product&#038;p=8233"},"modified":"2020-01-17T09:58:40","modified_gmt":"2020-01-17T09:58:40","slug":"contraste-2016","status":"publish","type":"product","link":"https:\/\/vinoveritas.com.mo\/pt\/products\/wines\/white\/contraste-2016\/","title":{"rendered":"Contraste"},"content":{"rendered":"<p>Contraste Branco \u00e9 lan\u00e7ado todos os anos desde 2007. Fermentado em barricas usadas e novas de carvalho franc\u00eas e ainda em cubas de a\u00e7o inoxid\u00e1vel, tem origem em vinhas com cerca de 40 anos. \u00c9 um vinho branco rico e concentrado, mas com muita precis\u00e3o na fruta citrina e not\u00f3ria mineralidade. Melhora em garrafa durante 5 a 10 anos, e \u00e9 ideal para pratos de peixe e vegetarianos.<\/p>","protected":false},"excerpt":{"rendered":"<p>Contraste Branco \u00e9 lan\u00e7ado todos os anos desde 2007. Fermentado em barricas usadas e novas de carvalho franc\u00eas e ainda em cubas de a\u00e7o inoxid\u00e1vel, tem origem em vinhas com cerca de 40 anos. \u00c9 um vinho branco rico e concentrado, mas com muita precis\u00e3o na fruta citrina e not\u00f3ria mineralidade. Melhora em garrafa durante [&hellip;]<\/p>\n","protected":false},"featured_media":8234,"comment_status":"open","ping_status":"closed","template":"","meta":{"_acf_changed":false},"product_cat":[11],"product_tag":[],"acf":[],"_links":{"self":[{"href":"https:\/\/vinoveritas.com.mo\/pt\/wp-json\/wp\/v2\/product\/8233"}],"collection":[{"href":"https:\/\/vinoveritas.com.mo\/pt\/wp-json\/wp\/v2\/product"}],"about":[{"href":"https:\/\/vinoveritas.com.mo\/pt\/wp-json\/wp\/v2\/types\/product"}],"replies":[{"embeddable":true,"href":"https:\/\/vinoveritas.com.mo\/pt\/wp-json\/wp\/v2\/comments?post=8233"}],"wp:featuredmedia":[{"embeddable":true,"href":"https:\/\/vinoveritas.com.mo\/pt\/wp-json\/wp\/v2\/media\/8234"}],"wp:attachment":[{"href":"https:\/\/vinoveritas.com.mo\/pt\/wp-json\/wp\/v2\/media?parent=8233"}],"wp:term":[{"taxonomy":"product_cat","embeddable":true,"href":"https:\/\/vinoveritas.com.mo\/pt\/wp-json\/wp\/v2\/product_cat?post=8233"},{"taxonomy":"product_tag","embeddable":true,"href":"https:\/\/vinoveritas.com.mo\/pt\/wp-json\/wp\/v2\/product_tag?post=8233"}],"curies":[{"name":"wp","href":"https:\/\/api.w.org\/{rel}","templated":true}]}}