{"id":8185,"date":"2020-01-10T08:53:01","date_gmt":"2020-01-10T08:53:01","guid":{"rendered":"http:\/\/vinoveritas.com.mo\/?post_type=product&#038;p=8185"},"modified":"2020-01-10T09:15:31","modified_gmt":"2020-01-10T09:15:31","slug":"quinta-dos-carvalhais-reserva","status":"publish","type":"product","link":"https:\/\/vinoveritas.com.mo\/pt\/products\/wines\/white\/quinta-dos-carvalhais-reserva\/","title":{"rendered":"Quinta dos Carvalhais Reserva"},"content":{"rendered":"<p>Este vinho apresenta uma cor amarelo palha muito brilhante. Tem um aroma denso, onde sobressaem notas amanteigadas, mel e ainda nuances de citrinos, toques minerais e algum vegetal que confere frescura e complexidade ao lote. Na boca, a complexidade arom\u00e1tica conferida pela barrica de carvalho onde estagiou e novamente as notas frutadas e de mel est\u00e3o perfeitamente equilibrados com a acidez muito viva. \u00c9 um vinho austero e elegante, que termina num final longo, fresco e delicado.<\/p>","protected":false},"excerpt":{"rendered":"<p>Este vinho apresenta uma cor amarelo palha muito brilhante. Tem um aroma denso, onde sobressaem notas amanteigadas, mel e ainda nuances de citrinos, toques minerais e algum vegetal que confere frescura e complexidade ao lote. Na boca, a complexidade arom\u00e1tica conferida pela barrica de carvalho onde estagiou e novamente as notas frutadas e de mel [&hellip;]<\/p>\n","protected":false},"featured_media":8186,"comment_status":"open","ping_status":"closed","template":"","meta":{"_acf_changed":false},"product_cat":[11],"product_tag":[],"acf":[],"_links":{"self":[{"href":"https:\/\/vinoveritas.com.mo\/pt\/wp-json\/wp\/v2\/product\/8185"}],"collection":[{"href":"https:\/\/vinoveritas.com.mo\/pt\/wp-json\/wp\/v2\/product"}],"about":[{"href":"https:\/\/vinoveritas.com.mo\/pt\/wp-json\/wp\/v2\/types\/product"}],"replies":[{"embeddable":true,"href":"https:\/\/vinoveritas.com.mo\/pt\/wp-json\/wp\/v2\/comments?post=8185"}],"wp:featuredmedia":[{"embeddable":true,"href":"https:\/\/vinoveritas.com.mo\/pt\/wp-json\/wp\/v2\/media\/8186"}],"wp:attachment":[{"href":"https:\/\/vinoveritas.com.mo\/pt\/wp-json\/wp\/v2\/media?parent=8185"}],"wp:term":[{"taxonomy":"product_cat","embeddable":true,"href":"https:\/\/vinoveritas.com.mo\/pt\/wp-json\/wp\/v2\/product_cat?post=8185"},{"taxonomy":"product_tag","embeddable":true,"href":"https:\/\/vinoveritas.com.mo\/pt\/wp-json\/wp\/v2\/product_tag?post=8185"}],"curies":[{"name":"wp","href":"https:\/\/api.w.org\/{rel}","templated":true}]}}