{"id":7918,"date":"2018-12-07T02:05:45","date_gmt":"2018-12-07T02:05:45","guid":{"rendered":"http:\/\/vinoveritas.com.mo\/?post_type=product&#038;p=7918"},"modified":"2021-07-03T02:36:26","modified_gmt":"2021-07-03T02:36:26","slug":"carm-cm-copy-2013","status":"publish","type":"product","link":"https:\/\/vinoveritas.com.mo\/pt\/products\/wines\/red\/carm-cm-copy-2013\/","title":{"rendered":"CARM CM"},"content":{"rendered":"<p>De grande intensidade arom\u00e1tica, rico e complexo. Fruta madura, notas florais de grande car\u00e1cter, revelando bem a origem do vinho e a tecnologia utilizada. O est\u00e1gio em madeira confere a complexidade e o suporte para um grande vinho de guarda. Na boca \u00e9 muito estruturado, com taninos de grande qualidade. Longo e persistente.\u00a0\u00c9 ideal acompanhado de queijo, carne e mais comida mediterr\u00e2nea<\/p>","protected":false},"excerpt":{"rendered":"<p>De grande intensidade arom\u00e1tica, rico e complexo. Fruta madura, notas florais de grande car\u00e1cter, revelando bem a origem do vinho e a tecnologia utilizada. O est\u00e1gio em madeira confere a complexidade e o suporte para um grande vinho de guarda. Na boca \u00e9 muito estruturado, com taninos de grande qualidade. Longo e persistente.\u00a0\u00c9 ideal acompanhado [&hellip;]<\/p>\n","protected":false},"featured_media":6364,"comment_status":"open","ping_status":"closed","template":"","meta":{"_acf_changed":false},"product_cat":[6,12],"product_tag":[],"acf":[],"_links":{"self":[{"href":"https:\/\/vinoveritas.com.mo\/pt\/wp-json\/wp\/v2\/product\/7918"}],"collection":[{"href":"https:\/\/vinoveritas.com.mo\/pt\/wp-json\/wp\/v2\/product"}],"about":[{"href":"https:\/\/vinoveritas.com.mo\/pt\/wp-json\/wp\/v2\/types\/product"}],"replies":[{"embeddable":true,"href":"https:\/\/vinoveritas.com.mo\/pt\/wp-json\/wp\/v2\/comments?post=7918"}],"wp:featuredmedia":[{"embeddable":true,"href":"https:\/\/vinoveritas.com.mo\/pt\/wp-json\/wp\/v2\/media\/6364"}],"wp:attachment":[{"href":"https:\/\/vinoveritas.com.mo\/pt\/wp-json\/wp\/v2\/media?parent=7918"}],"wp:term":[{"taxonomy":"product_cat","embeddable":true,"href":"https:\/\/vinoveritas.com.mo\/pt\/wp-json\/wp\/v2\/product_cat?post=7918"},{"taxonomy":"product_tag","embeddable":true,"href":"https:\/\/vinoveritas.com.mo\/pt\/wp-json\/wp\/v2\/product_tag?post=7918"}],"curies":[{"name":"wp","href":"https:\/\/api.w.org\/{rel}","templated":true}]}}