{"id":7771,"date":"2018-09-07T09:54:41","date_gmt":"2018-09-07T09:54:41","guid":{"rendered":"http:\/\/vinoveritas.com.mo\/?post_type=product&#038;p=7771"},"modified":"2018-12-03T02:30:34","modified_gmt":"2018-12-03T02:30:34","slug":"natcool-2017","status":"publish","type":"product","link":"https:\/\/vinoveritas.com.mo\/pt\/products\/wines\/white\/natcool-2017\/","title":{"rendered":"Nat&#8217;Cool"},"content":{"rendered":"<p>Nat Cool, naturalmente \u201ccool and funky\u201d, \u00e9 um conceito inovador criado pela Niepoort, um movimento de uni\u00e3o entre diversos produtores com o objectivo de criar vinhos leves e f\u00e1ceis de beber. Na Bairrada cri\u00e1mos o DrinkMe, o primeiro NatCool, onde procuramos mostrar um lado diferente e elegante da casta Baga. Um vinho incrivelmente f\u00e1cil e directo, que se deixa beber. Benvindo ao universo NAT COOL!<\/p>","protected":false},"excerpt":{"rendered":"<p>Nat Cool, naturalmente \u201ccool and funky\u201d, \u00e9 um conceito inovador criado pela Niepoort, um movimento de uni\u00e3o entre diversos produtores com o objectivo de criar vinhos leves e f\u00e1ceis de beber. Na Bairrada cri\u00e1mos o DrinkMe, o primeiro NatCool, onde procuramos mostrar um lado diferente e elegante da casta Baga. Um vinho incrivelmente f\u00e1cil e [&hellip;]<\/p>\n","protected":false},"featured_media":7772,"comment_status":"open","ping_status":"closed","template":"","meta":{"_acf_changed":false},"product_cat":[6,11],"product_tag":[],"acf":[],"_links":{"self":[{"href":"https:\/\/vinoveritas.com.mo\/pt\/wp-json\/wp\/v2\/product\/7771"}],"collection":[{"href":"https:\/\/vinoveritas.com.mo\/pt\/wp-json\/wp\/v2\/product"}],"about":[{"href":"https:\/\/vinoveritas.com.mo\/pt\/wp-json\/wp\/v2\/types\/product"}],"replies":[{"embeddable":true,"href":"https:\/\/vinoveritas.com.mo\/pt\/wp-json\/wp\/v2\/comments?post=7771"}],"wp:featuredmedia":[{"embeddable":true,"href":"https:\/\/vinoveritas.com.mo\/pt\/wp-json\/wp\/v2\/media\/7772"}],"wp:attachment":[{"href":"https:\/\/vinoveritas.com.mo\/pt\/wp-json\/wp\/v2\/media?parent=7771"}],"wp:term":[{"taxonomy":"product_cat","embeddable":true,"href":"https:\/\/vinoveritas.com.mo\/pt\/wp-json\/wp\/v2\/product_cat?post=7771"},{"taxonomy":"product_tag","embeddable":true,"href":"https:\/\/vinoveritas.com.mo\/pt\/wp-json\/wp\/v2\/product_tag?post=7771"}],"curies":[{"name":"wp","href":"https:\/\/api.w.org\/{rel}","templated":true}]}}