{"id":7664,"date":"2018-06-29T02:37:16","date_gmt":"2018-06-29T02:37:16","guid":{"rendered":"http:\/\/vinoveritas.com.mo\/?post_type=product&#038;p=7664"},"modified":"2018-09-03T02:21:34","modified_gmt":"2018-09-03T02:21:34","slug":"quinta-vale-d-maria-2015","status":"publish","type":"product","link":"https:\/\/vinoveritas.com.mo\/pt\/products\/wines\/red\/quinta-vale-d-maria-2015\/","title":{"rendered":"Quinta Vale D. Maria"},"content":{"rendered":"<p>Um do mais concentrados vinhos da Quinta Vale D. Maria dos \u00faltimos anos, compar\u00e1vel \u00e0 colheita de 2011, mas com mais intensidade e frescura. De cor violeta, com enorme concentra\u00e7\u00e3o de aroma de frutos vermelhos maduros, cereja negra, ameixa e especiarias. Um vinho de taninos aveludados, com a subtileza e eleg\u00e2ncia caracter\u00edsticas dos tintos da Quinta Vale D. Maria.<\/p>","protected":false},"excerpt":{"rendered":"<p>Um do mais concentrados vinhos da Quinta Vale D. Maria dos \u00faltimos anos, compar\u00e1vel \u00e0 colheita de 2011, mas com mais intensidade e frescura. De cor violeta, com enorme concentra\u00e7\u00e3o de aroma de frutos vermelhos maduros, cereja negra, ameixa e especiarias. Um vinho de taninos aveludados, com a subtileza e eleg\u00e2ncia caracter\u00edsticas dos tintos da [&hellip;]<\/p>\n","protected":false},"featured_media":5093,"comment_status":"closed","ping_status":"closed","template":"","meta":{"_acf_changed":false},"product_cat":[6,12],"product_tag":[],"acf":[],"_links":{"self":[{"href":"https:\/\/vinoveritas.com.mo\/pt\/wp-json\/wp\/v2\/product\/7664"}],"collection":[{"href":"https:\/\/vinoveritas.com.mo\/pt\/wp-json\/wp\/v2\/product"}],"about":[{"href":"https:\/\/vinoveritas.com.mo\/pt\/wp-json\/wp\/v2\/types\/product"}],"replies":[{"embeddable":true,"href":"https:\/\/vinoveritas.com.mo\/pt\/wp-json\/wp\/v2\/comments?post=7664"}],"wp:featuredmedia":[{"embeddable":true,"href":"https:\/\/vinoveritas.com.mo\/pt\/wp-json\/wp\/v2\/media\/5093"}],"wp:attachment":[{"href":"https:\/\/vinoveritas.com.mo\/pt\/wp-json\/wp\/v2\/media?parent=7664"}],"wp:term":[{"taxonomy":"product_cat","embeddable":true,"href":"https:\/\/vinoveritas.com.mo\/pt\/wp-json\/wp\/v2\/product_cat?post=7664"},{"taxonomy":"product_tag","embeddable":true,"href":"https:\/\/vinoveritas.com.mo\/pt\/wp-json\/wp\/v2\/product_tag?post=7664"}],"curies":[{"name":"wp","href":"https:\/\/api.w.org\/{rel}","templated":true}]}}