{"id":7411,"date":"2018-02-27T02:16:18","date_gmt":"2018-02-27T02:16:18","guid":{"rendered":"http:\/\/vinoveritas.com.mo\/?post_type=product&#038;p=7411"},"modified":"2018-02-27T02:16:18","modified_gmt":"2018-02-27T02:16:18","slug":"ea-reserva-2015","status":"publish","type":"product","link":"https:\/\/vinoveritas.com.mo\/pt\/products\/wines\/red\/ea-reserva-2015\/","title":{"rendered":"EA Reserva"},"content":{"rendered":"<p>Tratam-se de vinhos do ano, com caracter\u00edsticas pr\u00f3prias de vinhos jovens, f\u00e1ceis de beber e para consumo imediato. Os vinhos tintos, tendo por base as principais castas alentejanas, caracterizam-se pela sua suavidade e juventude.<\/p>","protected":false},"excerpt":{"rendered":"<p>Tratam-se de vinhos do ano, com caracter\u00edsticas pr\u00f3prias de vinhos jovens, f\u00e1ceis de beber e para consumo imediato. Os vinhos tintos, tendo por base as principais castas alentejanas, caracterizam-se pela sua suavidade e juventude.<\/p>\n","protected":false},"featured_media":7412,"comment_status":"open","ping_status":"closed","template":"","meta":{"_acf_changed":false},"product_cat":[6,12],"product_tag":[],"acf":[],"_links":{"self":[{"href":"https:\/\/vinoveritas.com.mo\/pt\/wp-json\/wp\/v2\/product\/7411"}],"collection":[{"href":"https:\/\/vinoveritas.com.mo\/pt\/wp-json\/wp\/v2\/product"}],"about":[{"href":"https:\/\/vinoveritas.com.mo\/pt\/wp-json\/wp\/v2\/types\/product"}],"replies":[{"embeddable":true,"href":"https:\/\/vinoveritas.com.mo\/pt\/wp-json\/wp\/v2\/comments?post=7411"}],"wp:featuredmedia":[{"embeddable":true,"href":"https:\/\/vinoveritas.com.mo\/pt\/wp-json\/wp\/v2\/media\/7412"}],"wp:attachment":[{"href":"https:\/\/vinoveritas.com.mo\/pt\/wp-json\/wp\/v2\/media?parent=7411"}],"wp:term":[{"taxonomy":"product_cat","embeddable":true,"href":"https:\/\/vinoveritas.com.mo\/pt\/wp-json\/wp\/v2\/product_cat?post=7411"},{"taxonomy":"product_tag","embeddable":true,"href":"https:\/\/vinoveritas.com.mo\/pt\/wp-json\/wp\/v2\/product_tag?post=7411"}],"curies":[{"name":"wp","href":"https:\/\/api.w.org\/{rel}","templated":true}]}}