{"id":7301,"date":"2018-01-09T03:08:10","date_gmt":"2018-01-09T03:08:10","guid":{"rendered":"http:\/\/vinoveritas.com.mo\/?post_type=product&#038;p=7301"},"modified":"2018-01-09T03:15:54","modified_gmt":"2018-01-09T03:15:54","slug":"vertente-2015","status":"publish","type":"product","link":"https:\/\/vinoveritas.com.mo\/pt\/products\/wines\/red\/vertente-2015\/","title":{"rendered":"Vertente"},"content":{"rendered":"<p>O Vertente \u00e9 produzido com uvas provenientes de vinhas com mais de 35 anos da Quinta de N\u00e1poles e de vinhas velhas plantadas nas encostas do rio Pinh\u00e3o, onde predominam a Touriga Franca, a Tinta Amarela e a Rufete. As vinhas velhas contribuem para a eleg\u00e2ncia deste vinho, enquanto as vinhas de 35 anos lhe d\u00e3o juventude. \u00c9 um vinho onde, a concentra\u00e7\u00e3o, fruta, complexidade e eleg\u00e2ncia se equilibram de uma forma \u00fanica, originando um excelente tinto de 2015. Ao estilo da Niepoort o Vertente est\u00e1 cada vez mais fino, elegante e preciso.<\/p>","protected":false},"excerpt":{"rendered":"<p>O Vertente \u00e9 produzido com uvas provenientes de vinhas com mais de 35 anos da Quinta de N\u00e1poles e de vinhas velhas plantadas nas encostas do rio Pinh\u00e3o, onde predominam a Touriga Franca, a Tinta Amarela e a Rufete. As vinhas velhas contribuem para a eleg\u00e2ncia deste vinho, enquanto as vinhas de 35 anos lhe [&hellip;]<\/p>\n","protected":false},"featured_media":7302,"comment_status":"closed","ping_status":"closed","template":"","meta":{"_acf_changed":false},"product_cat":[6,12],"product_tag":[],"acf":[],"_links":{"self":[{"href":"https:\/\/vinoveritas.com.mo\/pt\/wp-json\/wp\/v2\/product\/7301"}],"collection":[{"href":"https:\/\/vinoveritas.com.mo\/pt\/wp-json\/wp\/v2\/product"}],"about":[{"href":"https:\/\/vinoveritas.com.mo\/pt\/wp-json\/wp\/v2\/types\/product"}],"replies":[{"embeddable":true,"href":"https:\/\/vinoveritas.com.mo\/pt\/wp-json\/wp\/v2\/comments?post=7301"}],"wp:featuredmedia":[{"embeddable":true,"href":"https:\/\/vinoveritas.com.mo\/pt\/wp-json\/wp\/v2\/media\/7302"}],"wp:attachment":[{"href":"https:\/\/vinoveritas.com.mo\/pt\/wp-json\/wp\/v2\/media?parent=7301"}],"wp:term":[{"taxonomy":"product_cat","embeddable":true,"href":"https:\/\/vinoveritas.com.mo\/pt\/wp-json\/wp\/v2\/product_cat?post=7301"},{"taxonomy":"product_tag","embeddable":true,"href":"https:\/\/vinoveritas.com.mo\/pt\/wp-json\/wp\/v2\/product_tag?post=7301"}],"curies":[{"name":"wp","href":"https:\/\/api.w.org\/{rel}","templated":true}]}}