{"id":7282,"date":"2018-01-04T04:23:10","date_gmt":"2018-01-04T04:23:10","guid":{"rendered":"http:\/\/vinoveritas.com.mo\/?post_type=product&#038;p=7282"},"modified":"2019-12-18T03:02:51","modified_gmt":"2019-12-18T03:02:51","slug":"batuta-2015","status":"publish","type":"product","link":"https:\/\/vinoveritas.com.mo\/pt\/products\/wines\/red\/batuta-2015\/","title":{"rendered":"Batuta"},"content":{"rendered":"<p>As uvas, para produzir este vinho, prov\u00eam da Quinta do Carril, de uma vinha com mais de 70 anos virada a norte e de vinhas velhas com cerca de 100 anos, pr\u00f3ximas da Quinta de N\u00e1poles. O Batuta resulta de uma vinifica\u00e7\u00e3o delicada, com macera\u00e7\u00f5es prolongadas, mas com pouca extra\u00e7\u00e3o onde todos os detalhes s\u00e3o cuidadosamente considerados para que se obtenha um vinho complexo, fino e elegante. \u00c9 cheio de concentra\u00e7\u00e3o, pr\u00f3pria das vinhas velhas do Douro, mas simultaneamente fresco e delicado.<\/p>","protected":false},"excerpt":{"rendered":"<p>As uvas, para produzir este vinho, prov\u00eam da Quinta do Carril, de uma vinha com mais de 70 anos virada a norte e de vinhas velhas com cerca de 100 anos, pr\u00f3ximas da Quinta de N\u00e1poles. O Batuta resulta de uma vinifica\u00e7\u00e3o delicada, com macera\u00e7\u00f5es prolongadas, mas com pouca extra\u00e7\u00e3o onde todos os detalhes s\u00e3o [&hellip;]<\/p>\n","protected":false},"featured_media":7283,"comment_status":"closed","ping_status":"closed","template":"","meta":{"_acf_changed":false},"product_cat":[6,12],"product_tag":[],"acf":[],"_links":{"self":[{"href":"https:\/\/vinoveritas.com.mo\/pt\/wp-json\/wp\/v2\/product\/7282"}],"collection":[{"href":"https:\/\/vinoveritas.com.mo\/pt\/wp-json\/wp\/v2\/product"}],"about":[{"href":"https:\/\/vinoveritas.com.mo\/pt\/wp-json\/wp\/v2\/types\/product"}],"replies":[{"embeddable":true,"href":"https:\/\/vinoveritas.com.mo\/pt\/wp-json\/wp\/v2\/comments?post=7282"}],"wp:featuredmedia":[{"embeddable":true,"href":"https:\/\/vinoveritas.com.mo\/pt\/wp-json\/wp\/v2\/media\/7283"}],"wp:attachment":[{"href":"https:\/\/vinoveritas.com.mo\/pt\/wp-json\/wp\/v2\/media?parent=7282"}],"wp:term":[{"taxonomy":"product_cat","embeddable":true,"href":"https:\/\/vinoveritas.com.mo\/pt\/wp-json\/wp\/v2\/product_cat?post=7282"},{"taxonomy":"product_tag","embeddable":true,"href":"https:\/\/vinoveritas.com.mo\/pt\/wp-json\/wp\/v2\/product_tag?post=7282"}],"curies":[{"name":"wp","href":"https:\/\/api.w.org\/{rel}","templated":true}]}}