{"id":6991,"date":"2017-10-10T02:06:26","date_gmt":"2017-10-10T02:06:26","guid":{"rendered":"http:\/\/vinoveritas.com.mo\/?post_type=product&#038;p=6991"},"modified":"2017-12-01T09:36:11","modified_gmt":"2017-12-01T09:36:11","slug":"q-do-e-sparkling-rose","status":"publish","type":"product","link":"https:\/\/vinoveritas.com.mo\/pt\/products\/wines\/rose\/q-do-e-sparkling-rose\/","title":{"rendered":"Q do E Espumante"},"content":{"rendered":"<p>Este espumante de Touriga-Nacional, tem uma cor rosada definida, com uma bolha fina e persistente. No aroma \u00e9 intenso em cereja, morango e framboesa. Frutado e elegante, harmoniza com a cozinha mediterr\u00e2nea ou asi\u00e1tica ou simplesmente como aperitivo.<\/p>","protected":false},"excerpt":{"rendered":"<p>Este espumante de Touriga-Nacional, tem uma cor rosada definida, com uma bolha fina e persistente. No aroma \u00e9 intenso em cereja, morango e framboesa. Frutado e elegante, harmoniza com a cozinha mediterr\u00e2nea ou asi\u00e1tica ou simplesmente como aperitivo.<\/p>\n","protected":false},"featured_media":6995,"comment_status":"open","ping_status":"closed","template":"","meta":{"_acf_changed":false},"product_cat":[6,23],"product_tag":[],"acf":[],"_links":{"self":[{"href":"https:\/\/vinoveritas.com.mo\/pt\/wp-json\/wp\/v2\/product\/6991"}],"collection":[{"href":"https:\/\/vinoveritas.com.mo\/pt\/wp-json\/wp\/v2\/product"}],"about":[{"href":"https:\/\/vinoveritas.com.mo\/pt\/wp-json\/wp\/v2\/types\/product"}],"replies":[{"embeddable":true,"href":"https:\/\/vinoveritas.com.mo\/pt\/wp-json\/wp\/v2\/comments?post=6991"}],"wp:featuredmedia":[{"embeddable":true,"href":"https:\/\/vinoveritas.com.mo\/pt\/wp-json\/wp\/v2\/media\/6995"}],"wp:attachment":[{"href":"https:\/\/vinoveritas.com.mo\/pt\/wp-json\/wp\/v2\/media?parent=6991"}],"wp:term":[{"taxonomy":"product_cat","embeddable":true,"href":"https:\/\/vinoveritas.com.mo\/pt\/wp-json\/wp\/v2\/product_cat?post=6991"},{"taxonomy":"product_tag","embeddable":true,"href":"https:\/\/vinoveritas.com.mo\/pt\/wp-json\/wp\/v2\/product_tag?post=6991"}],"curies":[{"name":"wp","href":"https:\/\/api.w.org\/{rel}","templated":true}]}}