{"id":6910,"date":"2017-09-05T09:40:01","date_gmt":"2017-09-05T09:40:01","guid":{"rendered":"http:\/\/vinoveritas.com.mo\/products\/wines\/vallado-prima-2016\/"},"modified":"2017-12-01T09:36:17","modified_gmt":"2017-12-01T09:36:17","slug":"vallado-prima-2016","status":"publish","type":"product","link":"https:\/\/vinoveritas.com.mo\/pt\/products\/wines\/white\/vallado-prima-2016\/","title":{"rendered":"Vallado Prima"},"content":{"rendered":"<p>O \u201cVallado Prima\u201c difere dos cl\u00e1ssicos Moscat\u00e9is por ser seco. Este vinho prov\u00e9m de tr\u00eas parcelas: uma parcela de vinhas velhas com mais de 50 anos, e as restantes duas com cerca de 15 anos.<\/p>","protected":false},"excerpt":{"rendered":"<p>O \u201cVallado Prima\u201c difere dos cl\u00e1ssicos Moscat\u00e9is por ser seco. Este vinho prov\u00e9m de tr\u00eas parcelas: uma parcela de vinhas velhas com mais de 50 anos, e as restantes duas com cerca de 15 anos.<\/p>\n","protected":false},"featured_media":3671,"comment_status":"open","ping_status":"closed","template":"","meta":{"_acf_changed":false},"product_cat":[6,11],"product_tag":[],"acf":[],"_links":{"self":[{"href":"https:\/\/vinoveritas.com.mo\/pt\/wp-json\/wp\/v2\/product\/6910"}],"collection":[{"href":"https:\/\/vinoveritas.com.mo\/pt\/wp-json\/wp\/v2\/product"}],"about":[{"href":"https:\/\/vinoveritas.com.mo\/pt\/wp-json\/wp\/v2\/types\/product"}],"replies":[{"embeddable":true,"href":"https:\/\/vinoveritas.com.mo\/pt\/wp-json\/wp\/v2\/comments?post=6910"}],"wp:featuredmedia":[{"embeddable":true,"href":"https:\/\/vinoveritas.com.mo\/pt\/wp-json\/wp\/v2\/media\/3671"}],"wp:attachment":[{"href":"https:\/\/vinoveritas.com.mo\/pt\/wp-json\/wp\/v2\/media?parent=6910"}],"wp:term":[{"taxonomy":"product_cat","embeddable":true,"href":"https:\/\/vinoveritas.com.mo\/pt\/wp-json\/wp\/v2\/product_cat?post=6910"},{"taxonomy":"product_tag","embeddable":true,"href":"https:\/\/vinoveritas.com.mo\/pt\/wp-json\/wp\/v2\/product_tag?post=6910"}],"curies":[{"name":"wp","href":"https:\/\/api.w.org\/{rel}","templated":true}]}}