{"id":6794,"date":"2017-06-28T06:43:55","date_gmt":"2017-06-28T06:43:55","guid":{"rendered":"http:\/\/vinoveritas.com.mo\/products\/wines\/quinta-do-crasto-vinha-da-ponte-copy-2014\/"},"modified":"2020-06-04T08:33:41","modified_gmt":"2020-06-04T08:33:41","slug":"quinta-do-crasto-vinha-da-ponte-copy-2014","status":"publish","type":"product","link":"https:\/\/vinoveritas.com.mo\/pt\/products\/wines\/red\/quinta-do-crasto-vinha-da-ponte-copy-2014\/","title":{"rendered":"Crasto Vinha da Ponte"},"content":{"rendered":"<p>A Vinha da Ponte, tal como a Vinha Maria Teresa, \u00e9 uma vinha centen\u00e1ria. O vinho proveniente desta Vinha Velha \u00e9 vivo e concentrado na cor. \u00a0O Vinha da Ponte possui aroma rico e intenso a fruta madura, que revela a excel\u00eancia do vinho e que domina de forma elegante sobre as notas de madeira. \u00c9 apenas engarrafado nos anos em que o vinho atinge um alto n\u00edvel de qualidade.<\/p>","protected":false},"excerpt":{"rendered":"<p>A Vinha da Ponte, tal como a Vinha Maria Teresa, \u00e9 uma vinha centen\u00e1ria. O vinho proveniente desta Vinha Velha \u00e9 vivo e concentrado na cor. \u00a0O Vinha da Ponte possui aroma rico e intenso a fruta madura, que revela a excel\u00eancia do vinho e que domina de forma elegante sobre as notas de madeira. [&hellip;]<\/p>\n","protected":false},"featured_media":3659,"comment_status":"open","ping_status":"closed","template":"","meta":{"_acf_changed":false},"product_cat":[6,12],"product_tag":[],"acf":[],"_links":{"self":[{"href":"https:\/\/vinoveritas.com.mo\/pt\/wp-json\/wp\/v2\/product\/6794"}],"collection":[{"href":"https:\/\/vinoveritas.com.mo\/pt\/wp-json\/wp\/v2\/product"}],"about":[{"href":"https:\/\/vinoveritas.com.mo\/pt\/wp-json\/wp\/v2\/types\/product"}],"replies":[{"embeddable":true,"href":"https:\/\/vinoveritas.com.mo\/pt\/wp-json\/wp\/v2\/comments?post=6794"}],"wp:featuredmedia":[{"embeddable":true,"href":"https:\/\/vinoveritas.com.mo\/pt\/wp-json\/wp\/v2\/media\/3659"}],"wp:attachment":[{"href":"https:\/\/vinoveritas.com.mo\/pt\/wp-json\/wp\/v2\/media?parent=6794"}],"wp:term":[{"taxonomy":"product_cat","embeddable":true,"href":"https:\/\/vinoveritas.com.mo\/pt\/wp-json\/wp\/v2\/product_cat?post=6794"},{"taxonomy":"product_tag","embeddable":true,"href":"https:\/\/vinoveritas.com.mo\/pt\/wp-json\/wp\/v2\/product_tag?post=6794"}],"curies":[{"name":"wp","href":"https:\/\/api.w.org\/{rel}","templated":true}]}}