{"id":6774,"date":"2017-06-16T04:06:32","date_gmt":"2017-06-16T04:06:32","guid":{"rendered":"http:\/\/vinoveritas.com.mo\/?post_type=product&#038;p=6774"},"modified":"2017-12-01T09:37:21","modified_gmt":"2017-12-01T09:37:21","slug":"monte-da-soberana-2009","status":"publish","type":"product","link":"https:\/\/vinoveritas.com.mo\/pt\/products\/wines\/red\/monte-da-soberana-2009\/","title":{"rendered":"Monte da Soberana"},"content":{"rendered":"<p>Das nossas vinhas do Torr\u00e3o, no cora\u00e7\u00e3o do Baixo Alentejo, seleccion\u00e1mos as uvas que melhor exprimem o clima quente do nosso terroir e ao mesmo tempo a frescura atl\u00e2ntica que nos liga ao mundo inteiro. O resultado foi este vinho, fresco e frutado, preparado para uma mesa variada.<br \/>\nA frescura do vinho adv\u00e9m da proximidade do mar, caracter\u00edstica da Pen\u00ednsula de Set\u00fabal, enquanto a sua profundidade e volume evocam o aveludado dos tintos alentejanos. Isso deve-se ao facto de estarmos numa zona de transi\u00e7\u00e3o, na qual o comportamento das castas t\u00edpicas alentejanas revela aspectos at\u00e9 hoje quase desconhecidos.<\/p>","protected":false},"excerpt":{"rendered":"<p>Das nossas vinhas do Torr\u00e3o, no cora\u00e7\u00e3o do Baixo Alentejo, seleccion\u00e1mos as uvas que melhor exprimem o clima quente do nosso terroir e ao mesmo tempo a frescura atl\u00e2ntica que nos liga ao mundo inteiro. O resultado foi este vinho, fresco e frutado, preparado para uma mesa variada. A frescura do vinho adv\u00e9m da proximidade [&hellip;]<\/p>\n","protected":false},"featured_media":6775,"comment_status":"open","ping_status":"closed","template":"","meta":{"_acf_changed":false},"product_cat":[6,12],"product_tag":[],"acf":[],"_links":{"self":[{"href":"https:\/\/vinoveritas.com.mo\/pt\/wp-json\/wp\/v2\/product\/6774"}],"collection":[{"href":"https:\/\/vinoveritas.com.mo\/pt\/wp-json\/wp\/v2\/product"}],"about":[{"href":"https:\/\/vinoveritas.com.mo\/pt\/wp-json\/wp\/v2\/types\/product"}],"replies":[{"embeddable":true,"href":"https:\/\/vinoveritas.com.mo\/pt\/wp-json\/wp\/v2\/comments?post=6774"}],"wp:featuredmedia":[{"embeddable":true,"href":"https:\/\/vinoveritas.com.mo\/pt\/wp-json\/wp\/v2\/media\/6775"}],"wp:attachment":[{"href":"https:\/\/vinoveritas.com.mo\/pt\/wp-json\/wp\/v2\/media?parent=6774"}],"wp:term":[{"taxonomy":"product_cat","embeddable":true,"href":"https:\/\/vinoveritas.com.mo\/pt\/wp-json\/wp\/v2\/product_cat?post=6774"},{"taxonomy":"product_tag","embeddable":true,"href":"https:\/\/vinoveritas.com.mo\/pt\/wp-json\/wp\/v2\/product_tag?post=6774"}],"curies":[{"name":"wp","href":"https:\/\/api.w.org\/{rel}","templated":true}]}}