{"id":6647,"date":"2017-04-11T08:25:15","date_gmt":"2017-04-11T08:25:15","guid":{"rendered":"http:\/\/vinoveritas.com.mo\/products\/wines\/niepoort-colheita-port-1997\/"},"modified":"2021-07-28T04:13:00","modified_gmt":"2021-07-28T04:13:00","slug":"niepoort-colheita-port-1997","status":"publish","type":"product","link":"https:\/\/vinoveritas.com.mo\/pt\/products\/wines\/porto\/niepoort-colheita-port-1997\/","title":{"rendered":"Niepoort Porto Colheita"},"content":{"rendered":"<p>Os Colheita s\u00e3o Portos Tawny de um \u00fanico ano, envelhecidos nas cl\u00e1ssicas Pipas de 550 L, durante um per\u00edodo m\u00ednimo de 7 anos, mas \u00e9 tradi\u00e7\u00e3o na Niepoort envelhecer os Colheitas mais alguns anos antes do engarrafamento. Estes Portos acompanham bem sobremesas \u00e0 base de ovos ou frutos secos, podendo tamb\u00e9m ser bebidos por si s\u00f3 no final de uma refei\u00e7\u00e3o.<\/p>","protected":false},"excerpt":{"rendered":"<p>Os Colheita s\u00e3o Portos Tawny de um \u00fanico ano, envelhecidos nas cl\u00e1ssicas Pipas de 550 L, durante um per\u00edodo m\u00ednimo de 7 anos, mas \u00e9 tradi\u00e7\u00e3o na Niepoort envelhecer os Colheitas mais alguns anos antes do engarrafamento. Estes Portos acompanham bem sobremesas \u00e0 base de ovos ou frutos secos, podendo tamb\u00e9m ser bebidos por si [&hellip;]<\/p>\n","protected":false},"featured_media":6648,"comment_status":"closed","ping_status":"closed","template":"","meta":{"_acf_changed":false},"product_cat":[6,14],"product_tag":[],"acf":[],"_links":{"self":[{"href":"https:\/\/vinoveritas.com.mo\/pt\/wp-json\/wp\/v2\/product\/6647"}],"collection":[{"href":"https:\/\/vinoveritas.com.mo\/pt\/wp-json\/wp\/v2\/product"}],"about":[{"href":"https:\/\/vinoveritas.com.mo\/pt\/wp-json\/wp\/v2\/types\/product"}],"replies":[{"embeddable":true,"href":"https:\/\/vinoveritas.com.mo\/pt\/wp-json\/wp\/v2\/comments?post=6647"}],"wp:featuredmedia":[{"embeddable":true,"href":"https:\/\/vinoveritas.com.mo\/pt\/wp-json\/wp\/v2\/media\/6648"}],"wp:attachment":[{"href":"https:\/\/vinoveritas.com.mo\/pt\/wp-json\/wp\/v2\/media?parent=6647"}],"wp:term":[{"taxonomy":"product_cat","embeddable":true,"href":"https:\/\/vinoveritas.com.mo\/pt\/wp-json\/wp\/v2\/product_cat?post=6647"},{"taxonomy":"product_tag","embeddable":true,"href":"https:\/\/vinoveritas.com.mo\/pt\/wp-json\/wp\/v2\/product_tag?post=6647"}],"curies":[{"name":"wp","href":"https:\/\/api.w.org\/{rel}","templated":true}]}}