{"id":6625,"date":"2017-04-10T09:41:17","date_gmt":"2017-04-10T09:41:17","guid":{"rendered":"http:\/\/vinoveritas.com.mo\/products\/wines\/doda-2011\/"},"modified":"2021-04-21T08:25:33","modified_gmt":"2021-04-21T08:25:33","slug":"doda-2011","status":"publish","type":"product","link":"https:\/\/vinoveritas.com.mo\/pt\/products\/wines\/red\/doda-2011\/","title":{"rendered":"Doda"},"content":{"rendered":"<p>Rolf Niepoort foi o impulsionador e o seu filho Dirk o criador deste projecto que come\u00e7ou em 2000. Esta \u00e9 a 10\u00aa edi\u00e7\u00e3o do Doda, colheita de 2011. Este vinho nasce do conceito de Rolf Niepoort, segundo o qual \u201co vinho Portugu\u00eas ideal ser\u00e1 aquele que consiga aliar a eleg\u00e2ncia, frescura e longevidade dos vinhos do D\u00e3o \u00e0 estrutura e pot\u00eancia dos vinhos do Douro, que consiga conciliar a fruta dos solos de xisto do Douro com os aromas de caruma e mineralidade dos solos gran\u00edticos do D\u00e3o.\u201d<\/p>\n<p>O Doda 2011 (Dado at\u00e9 2004) conjuga o melhor das duas regi\u00f5es. Esta edi\u00e7\u00e3o resulta da uni\u00e3o de 60% de um lote de vinho do Douro, produzido na Quinta de N\u00e1poles com origem em vinhas muito antigas, tendo uma delas mais de 120 anos, e de 40% de um lote do D\u00e3o produzido na Quinta da Pellada, proveniente de vinhas velhas, e com castas t\u00edpicas da regi\u00e3o: Tourigo, Jaen, Alfrocheiro e Tinta Roriz.<\/p>","protected":false},"excerpt":{"rendered":"<p>Rolf Niepoort foi o impulsionador e o seu filho Dirk o criador deste projecto que come\u00e7ou em 2000. Esta \u00e9 a 10\u00aa edi\u00e7\u00e3o do Doda, colheita de 2011. Este vinho nasce do conceito de Rolf Niepoort, segundo o qual \u201co vinho Portugu\u00eas ideal ser\u00e1 aquele que consiga aliar a eleg\u00e2ncia, frescura e longevidade dos vinhos [&hellip;]<\/p>\n","protected":false},"featured_media":2528,"comment_status":"closed","ping_status":"closed","template":"","meta":{"_acf_changed":false},"product_cat":[6,12],"product_tag":[],"acf":[],"_links":{"self":[{"href":"https:\/\/vinoveritas.com.mo\/pt\/wp-json\/wp\/v2\/product\/6625"}],"collection":[{"href":"https:\/\/vinoveritas.com.mo\/pt\/wp-json\/wp\/v2\/product"}],"about":[{"href":"https:\/\/vinoveritas.com.mo\/pt\/wp-json\/wp\/v2\/types\/product"}],"replies":[{"embeddable":true,"href":"https:\/\/vinoveritas.com.mo\/pt\/wp-json\/wp\/v2\/comments?post=6625"}],"wp:featuredmedia":[{"embeddable":true,"href":"https:\/\/vinoveritas.com.mo\/pt\/wp-json\/wp\/v2\/media\/2528"}],"wp:attachment":[{"href":"https:\/\/vinoveritas.com.mo\/pt\/wp-json\/wp\/v2\/media?parent=6625"}],"wp:term":[{"taxonomy":"product_cat","embeddable":true,"href":"https:\/\/vinoveritas.com.mo\/pt\/wp-json\/wp\/v2\/product_cat?post=6625"},{"taxonomy":"product_tag","embeddable":true,"href":"https:\/\/vinoveritas.com.mo\/pt\/wp-json\/wp\/v2\/product_tag?post=6625"}],"curies":[{"name":"wp","href":"https:\/\/api.w.org\/{rel}","templated":true}]}}