{"id":6090,"date":"2016-11-30T07:28:08","date_gmt":"2016-11-30T07:28:08","guid":{"rendered":"http:\/\/vinoveritas.com.mo\/products\/wines\/monte-meao-2013\/"},"modified":"2017-03-09T07:14:26","modified_gmt":"2017-03-09T07:14:26","slug":"monte-meao-2013","status":"publish","type":"product","link":"https:\/\/vinoveritas.com.mo\/pt\/products\/wines\/red\/monte-meao-2013\/","title":{"rendered":"Monte Me\u00e3o Touriga Nacional"},"content":{"rendered":"<p>Um vinho da Quinta do Vale Me\u00e3o.<\/p>\n<p>Excelente cor, muito viva. Um nariz muito original, floral, com notas c\u00edtricas. Na boca o seu perfil floral mantem-se e encanta com a sua suavidade. Na boca apresenta uma eleg\u00e2ncia extraordin\u00e1ria, excelente acidez, com taninos presentes mas finos.<\/p>","protected":false},"excerpt":{"rendered":"<p>Um vinho da Quinta do Vale Me\u00e3o. Excelente cor, muito viva. Um nariz muito original, floral, com notas c\u00edtricas. Na boca o seu perfil floral mantem-se e encanta com a sua suavidade. Na boca apresenta uma eleg\u00e2ncia extraordin\u00e1ria, excelente acidez, com taninos presentes mas finos.<\/p>\n","protected":false},"featured_media":3649,"comment_status":"closed","ping_status":"closed","template":"","meta":{"_acf_changed":false},"product_cat":[6,12],"product_tag":[],"acf":[],"_links":{"self":[{"href":"https:\/\/vinoveritas.com.mo\/pt\/wp-json\/wp\/v2\/product\/6090"}],"collection":[{"href":"https:\/\/vinoveritas.com.mo\/pt\/wp-json\/wp\/v2\/product"}],"about":[{"href":"https:\/\/vinoveritas.com.mo\/pt\/wp-json\/wp\/v2\/types\/product"}],"replies":[{"embeddable":true,"href":"https:\/\/vinoveritas.com.mo\/pt\/wp-json\/wp\/v2\/comments?post=6090"}],"wp:featuredmedia":[{"embeddable":true,"href":"https:\/\/vinoveritas.com.mo\/pt\/wp-json\/wp\/v2\/media\/3649"}],"wp:attachment":[{"href":"https:\/\/vinoveritas.com.mo\/pt\/wp-json\/wp\/v2\/media?parent=6090"}],"wp:term":[{"taxonomy":"product_cat","embeddable":true,"href":"https:\/\/vinoveritas.com.mo\/pt\/wp-json\/wp\/v2\/product_cat?post=6090"},{"taxonomy":"product_tag","embeddable":true,"href":"https:\/\/vinoveritas.com.mo\/pt\/wp-json\/wp\/v2\/product_tag?post=6090"}],"curies":[{"name":"wp","href":"https:\/\/api.w.org\/{rel}","templated":true}]}}