{"id":5204,"date":"2016-01-20T10:30:31","date_gmt":"2016-01-20T10:30:31","guid":{"rendered":"http:\/\/vinoveritas.com.mo\/products\/wines\/quinta-do-crasto-tinta-roriz-2013\/"},"modified":"2020-01-20T08:52:12","modified_gmt":"2020-01-20T08:52:12","slug":"quinta-do-crasto-tinta-roriz-2013","status":"publish","type":"product","link":"https:\/\/vinoveritas.com.mo\/pt\/products\/wines\/red\/quinta-do-crasto-tinta-roriz-2013\/","title":{"rendered":"Quinta do Crasto Tinta Roriz"},"content":{"rendered":"<p>O Quinta do Crasto Tinta Roriz \u00e9 um vinho da gama\u00a0<em>premium<\/em>\u00a0produzido com 100% de uvas da casta Tinta Roriz e \u00e9 apenas engarrafado nos anos em que se atinge um alto n\u00edvel de qualidade e excel\u00eancia.<\/p>\n<p>Excelente intensidade e express\u00e3o arom\u00e1tica, onde se destacam frescas notas de frutos silvestres em perfeita harmonia com suaves notas de cacau e esteva.<\/p>","protected":false},"excerpt":{"rendered":"<p>O Quinta do Crasto Tinta Roriz \u00e9 um vinho da gama\u00a0premium\u00a0produzido com 100% de uvas da casta Tinta Roriz e \u00e9 apenas engarrafado nos anos em que se atinge um alto n\u00edvel de qualidade e excel\u00eancia. Excelente intensidade e express\u00e3o arom\u00e1tica, onde se destacam frescas notas de frutos silvestres em perfeita harmonia com suaves notas [&hellip;]<\/p>\n","protected":false},"featured_media":2490,"comment_status":"closed","ping_status":"closed","template":"","meta":{"_acf_changed":false},"product_cat":[6,12],"product_tag":[],"acf":[],"_links":{"self":[{"href":"https:\/\/vinoveritas.com.mo\/pt\/wp-json\/wp\/v2\/product\/5204"}],"collection":[{"href":"https:\/\/vinoveritas.com.mo\/pt\/wp-json\/wp\/v2\/product"}],"about":[{"href":"https:\/\/vinoveritas.com.mo\/pt\/wp-json\/wp\/v2\/types\/product"}],"replies":[{"embeddable":true,"href":"https:\/\/vinoveritas.com.mo\/pt\/wp-json\/wp\/v2\/comments?post=5204"}],"wp:featuredmedia":[{"embeddable":true,"href":"https:\/\/vinoveritas.com.mo\/pt\/wp-json\/wp\/v2\/media\/2490"}],"wp:attachment":[{"href":"https:\/\/vinoveritas.com.mo\/pt\/wp-json\/wp\/v2\/media?parent=5204"}],"wp:term":[{"taxonomy":"product_cat","embeddable":true,"href":"https:\/\/vinoveritas.com.mo\/pt\/wp-json\/wp\/v2\/product_cat?post=5204"},{"taxonomy":"product_tag","embeddable":true,"href":"https:\/\/vinoveritas.com.mo\/pt\/wp-json\/wp\/v2\/product_tag?post=5204"}],"curies":[{"name":"wp","href":"https:\/\/api.w.org\/{rel}","templated":true}]}}