{"id":4996,"date":"2016-01-06T07:55:19","date_gmt":"2016-01-06T07:55:19","guid":{"rendered":"http:\/\/vinoveritas.com.mo\/products\/wines\/cv-%c2%96curriculum-vitae-2013\/"},"modified":"2020-01-21T04:35:59","modified_gmt":"2020-01-21T04:35:59","slug":"cv-%c2%96curriculum-vitae-2013","status":"publish","type":"product","link":"https:\/\/vinoveritas.com.mo\/pt\/products\/wines\/red\/cv-%c2%96curriculum-vitae-2013\/","title":{"rendered":"CV \u0096Curriculum Vitae"},"content":{"rendered":"<p>O CV-Curriculum Vitae Douro Tinto tem uma cor muito profunda, com laivos de violeta e p\u00farpura, uma impressionante, ainda que suave, concentra\u00e7\u00e3o de fruta pretas bem maduras, cereja preta e ameixa. O prolongado envelhecimento em cascos de Carvalho moldou os seus potentes taninos, concentrando-os em suavidade, originando, assim, um vinho poderoso mas com uma grande eleg\u00e2ncia<\/p>","protected":false},"excerpt":{"rendered":"<p>O CV-Curriculum Vitae Douro Tinto tem uma cor muito profunda, com laivos de violeta e p\u00farpura, uma impressionante, ainda que suave, concentra\u00e7\u00e3o de fruta pretas bem maduras, cereja preta e ameixa. O prolongado envelhecimento em cascos de Carvalho moldou os seus potentes taninos, concentrando-os em suavidade, originando, assim, um vinho poderoso mas com uma grande [&hellip;]<\/p>\n","protected":false},"featured_media":5082,"comment_status":"closed","ping_status":"closed","template":"","meta":{"_acf_changed":false},"product_cat":[6,12],"product_tag":[],"acf":[],"_links":{"self":[{"href":"https:\/\/vinoveritas.com.mo\/pt\/wp-json\/wp\/v2\/product\/4996"}],"collection":[{"href":"https:\/\/vinoveritas.com.mo\/pt\/wp-json\/wp\/v2\/product"}],"about":[{"href":"https:\/\/vinoveritas.com.mo\/pt\/wp-json\/wp\/v2\/types\/product"}],"replies":[{"embeddable":true,"href":"https:\/\/vinoveritas.com.mo\/pt\/wp-json\/wp\/v2\/comments?post=4996"}],"wp:featuredmedia":[{"embeddable":true,"href":"https:\/\/vinoveritas.com.mo\/pt\/wp-json\/wp\/v2\/media\/5082"}],"wp:attachment":[{"href":"https:\/\/vinoveritas.com.mo\/pt\/wp-json\/wp\/v2\/media?parent=4996"}],"wp:term":[{"taxonomy":"product_cat","embeddable":true,"href":"https:\/\/vinoveritas.com.mo\/pt\/wp-json\/wp\/v2\/product_cat?post=4996"},{"taxonomy":"product_tag","embeddable":true,"href":"https:\/\/vinoveritas.com.mo\/pt\/wp-json\/wp\/v2\/product_tag?post=4996"}],"curies":[{"name":"wp","href":"https:\/\/api.w.org\/{rel}","templated":true}]}}