{"id":4972,"date":"2016-01-06T04:15:24","date_gmt":"2016-01-06T04:15:24","guid":{"rendered":"http:\/\/vinoveritas.com.mo\/products\/wines\/chryseia-2012\/"},"modified":"2021-05-22T03:16:36","modified_gmt":"2021-05-22T03:16:36","slug":"chryseia-2012","status":"publish","type":"product","link":"https:\/\/vinoveritas.com.mo\/pt\/products\/wines\/red\/chryseia-2012\/","title":{"rendered":"Chryseia"},"content":{"rendered":"<p>O Chryseia 2012 foi produzido a partir de uma selec\u00e7\u00e3o criteriosa de uvas provenientes das vinhas da Prats &amp; Symington, localizadas nas Quintas de Roriz e da Perdiz. A Quinta da Vila Velha, propriedade de um membro da fam\u00edlia Symington e vizinha de Roriz, tamb\u00e9m deu o seu contributo, tal como tem acontecido em todas as edi\u00e7\u00f5es anteriores do Chryseia.<\/p>","protected":false},"excerpt":{"rendered":"<p>O Chryseia 2012 foi produzido a partir de uma selec\u00e7\u00e3o criteriosa de uvas provenientes das vinhas da Prats &amp; Symington, localizadas nas Quintas de Roriz e da Perdiz. A Quinta da Vila Velha, propriedade de um membro da fam\u00edlia Symington e vizinha de Roriz, tamb\u00e9m deu o seu contributo, tal como tem acontecido em todas [&hellip;]<\/p>\n","protected":false},"featured_media":6956,"comment_status":"closed","ping_status":"closed","template":"","meta":{"_acf_changed":false},"product_cat":[6,12],"product_tag":[],"acf":[],"_links":{"self":[{"href":"https:\/\/vinoveritas.com.mo\/pt\/wp-json\/wp\/v2\/product\/4972"}],"collection":[{"href":"https:\/\/vinoveritas.com.mo\/pt\/wp-json\/wp\/v2\/product"}],"about":[{"href":"https:\/\/vinoveritas.com.mo\/pt\/wp-json\/wp\/v2\/types\/product"}],"replies":[{"embeddable":true,"href":"https:\/\/vinoveritas.com.mo\/pt\/wp-json\/wp\/v2\/comments?post=4972"}],"wp:featuredmedia":[{"embeddable":true,"href":"https:\/\/vinoveritas.com.mo\/pt\/wp-json\/wp\/v2\/media\/6956"}],"wp:attachment":[{"href":"https:\/\/vinoveritas.com.mo\/pt\/wp-json\/wp\/v2\/media?parent=4972"}],"wp:term":[{"taxonomy":"product_cat","embeddable":true,"href":"https:\/\/vinoveritas.com.mo\/pt\/wp-json\/wp\/v2\/product_cat?post=4972"},{"taxonomy":"product_tag","embeddable":true,"href":"https:\/\/vinoveritas.com.mo\/pt\/wp-json\/wp\/v2\/product_tag?post=4972"}],"curies":[{"name":"wp","href":"https:\/\/api.w.org\/{rel}","templated":true}]}}