{"id":4407,"date":"2015-11-25T09:53:19","date_gmt":"2015-11-25T09:53:19","guid":{"rendered":"http:\/\/vinoveritas.com.mo\/products\/red\/quinta-do-vale-meao-2013\/"},"modified":"2020-06-22T09:06:37","modified_gmt":"2020-06-22T09:06:37","slug":"quinta-do-vale-meao-2013","status":"publish","type":"product","link":"https:\/\/vinoveritas.com.mo\/pt\/products\/wines\/red\/quinta-do-vale-meao-2013\/","title":{"rendered":"Quinta do Vale Me\u00e3o"},"content":{"rendered":"<p>Muito concentrado na cor. Nariz de grande profundidade, complexo, com muitas nuances arom\u00e1ticas, sem que nenhum aroma se sobreponha a outro. Na prova \u00e9 vibrante, num conjunto de grande eleg\u00e2ncia, excelente integra\u00e7\u00e3o da madeira, surpreende pela grande variedade de sabores, com um final de boca muito longo.<\/p>","protected":false},"excerpt":{"rendered":"<p>Muito concentrado na cor. Nariz de grande profundidade, complexo, com muitas nuances arom\u00e1ticas, sem que nenhum aroma se sobreponha a outro. Na prova \u00e9 vibrante, num conjunto de grande eleg\u00e2ncia, excelente integra\u00e7\u00e3o da madeira, surpreende pela grande variedade de sabores, com um final de boca muito longo.<\/p>\n","protected":false},"featured_media":4984,"comment_status":"open","ping_status":"closed","template":"","meta":{"_acf_changed":false},"product_cat":[6,12],"product_tag":[],"acf":[],"_links":{"self":[{"href":"https:\/\/vinoveritas.com.mo\/pt\/wp-json\/wp\/v2\/product\/4407"}],"collection":[{"href":"https:\/\/vinoveritas.com.mo\/pt\/wp-json\/wp\/v2\/product"}],"about":[{"href":"https:\/\/vinoveritas.com.mo\/pt\/wp-json\/wp\/v2\/types\/product"}],"replies":[{"embeddable":true,"href":"https:\/\/vinoveritas.com.mo\/pt\/wp-json\/wp\/v2\/comments?post=4407"}],"wp:featuredmedia":[{"embeddable":true,"href":"https:\/\/vinoveritas.com.mo\/pt\/wp-json\/wp\/v2\/media\/4984"}],"wp:attachment":[{"href":"https:\/\/vinoveritas.com.mo\/pt\/wp-json\/wp\/v2\/media?parent=4407"}],"wp:term":[{"taxonomy":"product_cat","embeddable":true,"href":"https:\/\/vinoveritas.com.mo\/pt\/wp-json\/wp\/v2\/product_cat?post=4407"},{"taxonomy":"product_tag","embeddable":true,"href":"https:\/\/vinoveritas.com.mo\/pt\/wp-json\/wp\/v2\/product_tag?post=4407"}],"curies":[{"name":"wp","href":"https:\/\/api.w.org\/{rel}","templated":true}]}}