{"id":3672,"date":"2015-08-06T09:20:24","date_gmt":"2015-08-06T09:20:24","guid":{"rendered":"http:\/\/vinoveritas.com.mo\/?post_type=product&#038;p=3672"},"modified":"2021-04-24T02:48:04","modified_gmt":"2021-04-24T02:48:04","slug":"quinta-do-vallado-adelaide-tributa-1866","status":"publish","type":"product","link":"https:\/\/vinoveritas.com.mo\/pt\/products\/wines\/porto\/quinta-do-vallado-adelaide-tributa-1866\/","title":{"rendered":"Quinta do Vallado Adelaide Tributa"},"content":{"rendered":"<p>Este vinho foi elaborado a partir de vinhas pr\u00e9-filox\u00e9ricas e, como tal, com uma mistura de variedades t\u00edpicas da regi\u00e3o do Douro: Tinta Roriz, Tinta Amarela, Touriga Franca, Barroca, Touriga Nacional e muitas outras.<\/p>\n<p>Foram engarrafadas 1.300 gfas de 0,75cl, todas elas numeradas.<\/p>","protected":false},"excerpt":{"rendered":"<p>Este vinho foi elaborado a partir de vinhas pr\u00e9-filox\u00e9ricas e, como tal, com uma mistura de variedades t\u00edpicas da regi\u00e3o do Douro: Tinta Roriz, Tinta Amarela, Touriga Franca, Barroca, Touriga Nacional e muitas outras. Foram engarrafadas 1.300 gfas de 0,75cl, todas elas numeradas.<\/p>\n","protected":false},"featured_media":3673,"comment_status":"open","ping_status":"closed","template":"","meta":{"_acf_changed":false},"product_cat":[6,14],"product_tag":[],"acf":[],"_links":{"self":[{"href":"https:\/\/vinoveritas.com.mo\/pt\/wp-json\/wp\/v2\/product\/3672"}],"collection":[{"href":"https:\/\/vinoveritas.com.mo\/pt\/wp-json\/wp\/v2\/product"}],"about":[{"href":"https:\/\/vinoveritas.com.mo\/pt\/wp-json\/wp\/v2\/types\/product"}],"replies":[{"embeddable":true,"href":"https:\/\/vinoveritas.com.mo\/pt\/wp-json\/wp\/v2\/comments?post=3672"}],"wp:featuredmedia":[{"embeddable":true,"href":"https:\/\/vinoveritas.com.mo\/pt\/wp-json\/wp\/v2\/media\/3673"}],"wp:attachment":[{"href":"https:\/\/vinoveritas.com.mo\/pt\/wp-json\/wp\/v2\/media?parent=3672"}],"wp:term":[{"taxonomy":"product_cat","embeddable":true,"href":"https:\/\/vinoveritas.com.mo\/pt\/wp-json\/wp\/v2\/product_cat?post=3672"},{"taxonomy":"product_tag","embeddable":true,"href":"https:\/\/vinoveritas.com.mo\/pt\/wp-json\/wp\/v2\/product_tag?post=3672"}],"curies":[{"name":"wp","href":"https:\/\/api.w.org\/{rel}","templated":true}]}}