{"id":3593,"date":"2015-08-04T02:57:15","date_gmt":"2015-08-04T02:57:15","guid":{"rendered":"http:\/\/vinoveritas.com.mo\/products\/red\/duas-quintas-reserva-copy\/"},"modified":"2020-01-29T07:26:28","modified_gmt":"2020-01-29T07:26:28","slug":"duas-quintas-reserva-copy","status":"publish","type":"product","link":"https:\/\/vinoveritas.com.mo\/pt\/products\/wines\/red\/duas-quintas-reserva-copy\/","title":{"rendered":"Duas Quintas Reserva"},"content":{"rendered":"<p>O Reserva 2010 exprime a for\u00e7a e a complexidade do Douro Superior, e a excel\u00eancia e eleg\u00e2ncia dos vinhos da casa Ramos Pinto. O equil\u00edbrio do blend e atingido a partir de vinhos provenientes de duas quintas, Ervamoira e Bons Ares, situadas a baixa (200m) e alta (600m) altitude e com solos de xisto e granito respectivamente.<\/p>\n<p>2010 Foi um bom ano no Douro Superior tanto em qualidade como em quantidade. O ciclo vegetativo atrasou por causa das baixas temperaturas e chuvas durante a primavera. Muito positivo o decorrer relativamente lento da matura\u00e7\u00e3o. As altas temperaturas de fim de Julho e in\u00edcio de Agosto aceleraram a matura\u00e7\u00e3o de algumas castas mas provocaram, em parte das parcelas, o bloqueio da matura\u00e7\u00e3o. Teve de ser, em consequ\u00eancia, uma vindima muito selectiva e rigorosa. O resultado qualitativo s\u00e3o vinhos nos quais sobressai a eleg\u00e2ncia.<\/p>","protected":false},"excerpt":{"rendered":"<p>O Reserva 2010 exprime a for\u00e7a e a complexidade do Douro Superior, e a excel\u00eancia e eleg\u00e2ncia dos vinhos da casa Ramos Pinto. O equil\u00edbrio do blend e atingido a partir de vinhos provenientes de duas quintas, Ervamoira e Bons Ares, situadas a baixa (200m) e alta (600m) altitude e com solos de xisto e [&hellip;]<\/p>\n","protected":false},"featured_media":2474,"comment_status":"closed","ping_status":"closed","template":"","meta":{"_acf_changed":false},"product_cat":[6,12],"product_tag":[],"acf":[],"_links":{"self":[{"href":"https:\/\/vinoveritas.com.mo\/pt\/wp-json\/wp\/v2\/product\/3593"}],"collection":[{"href":"https:\/\/vinoveritas.com.mo\/pt\/wp-json\/wp\/v2\/product"}],"about":[{"href":"https:\/\/vinoveritas.com.mo\/pt\/wp-json\/wp\/v2\/types\/product"}],"replies":[{"embeddable":true,"href":"https:\/\/vinoveritas.com.mo\/pt\/wp-json\/wp\/v2\/comments?post=3593"}],"wp:featuredmedia":[{"embeddable":true,"href":"https:\/\/vinoveritas.com.mo\/pt\/wp-json\/wp\/v2\/media\/2474"}],"wp:attachment":[{"href":"https:\/\/vinoveritas.com.mo\/pt\/wp-json\/wp\/v2\/media?parent=3593"}],"wp:term":[{"taxonomy":"product_cat","embeddable":true,"href":"https:\/\/vinoveritas.com.mo\/pt\/wp-json\/wp\/v2\/product_cat?post=3593"},{"taxonomy":"product_tag","embeddable":true,"href":"https:\/\/vinoveritas.com.mo\/pt\/wp-json\/wp\/v2\/product_tag?post=3593"}],"curies":[{"name":"wp","href":"https:\/\/api.w.org\/{rel}","templated":true}]}}