{"id":3592,"date":"2015-08-04T02:46:34","date_gmt":"2015-08-04T02:46:34","guid":{"rendered":"http:\/\/vinoveritas.com.mo\/products\/red\/duas-quintas-reserva\/"},"modified":"2020-01-29T07:40:35","modified_gmt":"2020-01-29T07:40:35","slug":"duas-quintas-reserva","status":"publish","type":"product","link":"https:\/\/vinoveritas.com.mo\/pt\/products\/wines\/red\/duas-quintas-reserva\/","title":{"rendered":"Duas Quintas Reserva"},"content":{"rendered":"<p>Cor brilhante e densa, gren\u00e1 escura com reflexos avermelhados. Aroma intenso, aromas de frutos maduros, ameixa, cereja, ginja e notas bals\u00e2micas. Na boca e macio logo a entrada, amplo com taninos aveludados e um final longo e complexo, no mesmo registo arom\u00e1tico.<\/p>","protected":false},"excerpt":{"rendered":"<p>Cor brilhante e densa, gren\u00e1 escura com reflexos avermelhados. Aroma intenso, aromas de frutos maduros, ameixa, cereja, ginja e notas bals\u00e2micas. Na boca e macio logo a entrada, amplo com taninos aveludados e um final longo e complexo, no mesmo registo arom\u00e1tico.<\/p>\n","protected":false},"featured_media":2474,"comment_status":"closed","ping_status":"closed","template":"","meta":{"_acf_changed":false},"product_cat":[6,12],"product_tag":[],"acf":[],"_links":{"self":[{"href":"https:\/\/vinoveritas.com.mo\/pt\/wp-json\/wp\/v2\/product\/3592"}],"collection":[{"href":"https:\/\/vinoveritas.com.mo\/pt\/wp-json\/wp\/v2\/product"}],"about":[{"href":"https:\/\/vinoveritas.com.mo\/pt\/wp-json\/wp\/v2\/types\/product"}],"replies":[{"embeddable":true,"href":"https:\/\/vinoveritas.com.mo\/pt\/wp-json\/wp\/v2\/comments?post=3592"}],"wp:featuredmedia":[{"embeddable":true,"href":"https:\/\/vinoveritas.com.mo\/pt\/wp-json\/wp\/v2\/media\/2474"}],"wp:attachment":[{"href":"https:\/\/vinoveritas.com.mo\/pt\/wp-json\/wp\/v2\/media?parent=3592"}],"wp:term":[{"taxonomy":"product_cat","embeddable":true,"href":"https:\/\/vinoveritas.com.mo\/pt\/wp-json\/wp\/v2\/product_cat?post=3592"},{"taxonomy":"product_tag","embeddable":true,"href":"https:\/\/vinoveritas.com.mo\/pt\/wp-json\/wp\/v2\/product_tag?post=3592"}],"curies":[{"name":"wp","href":"https:\/\/api.w.org\/{rel}","templated":true}]}}