{"id":3519,"date":"2015-08-01T22:57:44","date_gmt":"2015-08-01T22:57:44","guid":{"rendered":"http:\/\/vinoveritas.com.mo\/products\/uncategorized\/amor-de-perdicao-2009\/"},"modified":"2019-12-16T06:57:42","modified_gmt":"2019-12-16T06:57:42","slug":"amor-de-perdicao-2009","status":"publish","type":"product","link":"https:\/\/vinoveritas.com.mo\/pt\/products\/wines\/red\/amor-de-perdicao-2009\/","title":{"rendered":"Amor de Perdi\u00e7\u00e3o"},"content":{"rendered":"<p>Tinto Reserva &amp; Edi\u00e7\u00e3o Limitada.<\/p>\n<p>Cor: Granada intenso com ligeiros tons acastanhados.<\/p>\n<p>Aroma: Intenso em frutos do bosque bem maduros, geleia de frutos vermelhos,especiarias com subtis notas de tostados.<\/p>\n<p>Sabor: Complexo, bem estruturado, not\u00f3rio volume de boca, termina com\u00a0taninos sedosos que lhe conferem longevidade e persist\u00eancia.<\/p>","protected":false},"excerpt":{"rendered":"<p>Tinto Reserva &amp; Edi\u00e7\u00e3o Limitada. Cor: Granada intenso com ligeiros tons acastanhados. Aroma: Intenso em frutos do bosque bem maduros, geleia de frutos vermelhos,especiarias com subtis notas de tostados. Sabor: Complexo, bem estruturado, not\u00f3rio volume de boca, termina com\u00a0taninos sedosos que lhe conferem longevidade e persist\u00eancia.<\/p>\n","protected":false},"featured_media":2447,"comment_status":"closed","ping_status":"closed","template":"","meta":{"_acf_changed":false},"product_cat":[6,12],"product_tag":[],"acf":[],"_links":{"self":[{"href":"https:\/\/vinoveritas.com.mo\/pt\/wp-json\/wp\/v2\/product\/3519"}],"collection":[{"href":"https:\/\/vinoveritas.com.mo\/pt\/wp-json\/wp\/v2\/product"}],"about":[{"href":"https:\/\/vinoveritas.com.mo\/pt\/wp-json\/wp\/v2\/types\/product"}],"replies":[{"embeddable":true,"href":"https:\/\/vinoveritas.com.mo\/pt\/wp-json\/wp\/v2\/comments?post=3519"}],"wp:featuredmedia":[{"embeddable":true,"href":"https:\/\/vinoveritas.com.mo\/pt\/wp-json\/wp\/v2\/media\/2447"}],"wp:attachment":[{"href":"https:\/\/vinoveritas.com.mo\/pt\/wp-json\/wp\/v2\/media?parent=3519"}],"wp:term":[{"taxonomy":"product_cat","embeddable":true,"href":"https:\/\/vinoveritas.com.mo\/pt\/wp-json\/wp\/v2\/product_cat?post=3519"},{"taxonomy":"product_tag","embeddable":true,"href":"https:\/\/vinoveritas.com.mo\/pt\/wp-json\/wp\/v2\/product_tag?post=3519"}],"curies":[{"name":"wp","href":"https:\/\/api.w.org\/{rel}","templated":true}]}}