{"id":3300,"date":"2015-08-01T22:33:00","date_gmt":"2015-08-01T22:33:00","guid":{"rendered":"http:\/\/vinoveritas.com.mo\/products\/uncategorized\/brandy-croft\/"},"modified":"2020-01-08T08:37:03","modified_gmt":"2020-01-08T08:37:03","slug":"brandy-croft","status":"publish","type":"product","link":"https:\/\/vinoveritas.com.mo\/pt\/products\/wines\/spirits\/brandy-croft\/","title":{"rendered":"Croft Brandy"},"content":{"rendered":"<p>Croft \u00e9 um s\u00edmbolo de tradi\u00e7\u00e3o e qualidade. Diferencia-se pelo seu car\u00e1cter aveludado , paladar suave e um aroma incompar\u00e1vel<\/p>","protected":false},"excerpt":{"rendered":"<p>Croft \u00e9 um s\u00edmbolo de tradi\u00e7\u00e3o e qualidade. Diferencia-se pelo seu car\u00e1cter aveludado , paladar suave e um aroma incompar\u00e1vel<\/p>\n","protected":false},"featured_media":4456,"comment_status":"closed","ping_status":"closed","template":"","meta":{"_acf_changed":false},"product_cat":[6,13],"product_tag":[],"acf":[],"_links":{"self":[{"href":"https:\/\/vinoveritas.com.mo\/pt\/wp-json\/wp\/v2\/product\/3300"}],"collection":[{"href":"https:\/\/vinoveritas.com.mo\/pt\/wp-json\/wp\/v2\/product"}],"about":[{"href":"https:\/\/vinoveritas.com.mo\/pt\/wp-json\/wp\/v2\/types\/product"}],"replies":[{"embeddable":true,"href":"https:\/\/vinoveritas.com.mo\/pt\/wp-json\/wp\/v2\/comments?post=3300"}],"wp:featuredmedia":[{"embeddable":true,"href":"https:\/\/vinoveritas.com.mo\/pt\/wp-json\/wp\/v2\/media\/4456"}],"wp:attachment":[{"href":"https:\/\/vinoveritas.com.mo\/pt\/wp-json\/wp\/v2\/media?parent=3300"}],"wp:term":[{"taxonomy":"product_cat","embeddable":true,"href":"https:\/\/vinoveritas.com.mo\/pt\/wp-json\/wp\/v2\/product_cat?post=3300"},{"taxonomy":"product_tag","embeddable":true,"href":"https:\/\/vinoveritas.com.mo\/pt\/wp-json\/wp\/v2\/product_tag?post=3300"}],"curies":[{"name":"wp","href":"https:\/\/api.w.org\/{rel}","templated":true}]}}