{"id":3266,"date":"2015-08-01T22:29:21","date_gmt":"2015-08-01T22:29:21","guid":{"rendered":"http:\/\/vinoveritas.com.mo\/products\/uncategorized\/quinta-vale-d-maria-2008\/"},"modified":"2016-01-12T06:58:34","modified_gmt":"2016-01-12T06:58:34","slug":"quinta-vale-d-maria-2008","status":"publish","type":"product","link":"https:\/\/vinoveritas.com.mo\/pt\/products\/wines\/red\/quinta-vale-d-maria-2008\/","title":{"rendered":"Quinta Vale D. Maria"},"content":{"rendered":"<p>Todas as nossas uvas s\u00e3o pisadas em lagares de 1 a 3 dias antes da fermenta\u00e7\u00e3o, e vinificadas depois durante 7 a 10 dias a temperaturas de 22\u00b0 a 27\u00b0, com pigeages manuais.<\/p>","protected":false},"excerpt":{"rendered":"<p>Todas as nossas uvas s\u00e3o pisadas em lagares de 1 a 3 dias antes da fermenta\u00e7\u00e3o, e vinificadas depois durante 7 a 10 dias a temperaturas de 22\u00b0 a 27\u00b0, com pigeages manuais.<\/p>\n","protected":false},"featured_media":5097,"comment_status":"closed","ping_status":"closed","template":"","meta":{"_acf_changed":false},"product_cat":[6,12],"product_tag":[],"acf":[],"_links":{"self":[{"href":"https:\/\/vinoveritas.com.mo\/pt\/wp-json\/wp\/v2\/product\/3266"}],"collection":[{"href":"https:\/\/vinoveritas.com.mo\/pt\/wp-json\/wp\/v2\/product"}],"about":[{"href":"https:\/\/vinoveritas.com.mo\/pt\/wp-json\/wp\/v2\/types\/product"}],"replies":[{"embeddable":true,"href":"https:\/\/vinoveritas.com.mo\/pt\/wp-json\/wp\/v2\/comments?post=3266"}],"wp:featuredmedia":[{"embeddable":true,"href":"https:\/\/vinoveritas.com.mo\/pt\/wp-json\/wp\/v2\/media\/5097"}],"wp:attachment":[{"href":"https:\/\/vinoveritas.com.mo\/pt\/wp-json\/wp\/v2\/media?parent=3266"}],"wp:term":[{"taxonomy":"product_cat","embeddable":true,"href":"https:\/\/vinoveritas.com.mo\/pt\/wp-json\/wp\/v2\/product_cat?post=3266"},{"taxonomy":"product_tag","embeddable":true,"href":"https:\/\/vinoveritas.com.mo\/pt\/wp-json\/wp\/v2\/product_tag?post=3266"}],"curies":[{"name":"wp","href":"https:\/\/api.w.org\/{rel}","templated":true}]}}