{"id":3185,"date":"2015-08-01T22:19:53","date_gmt":"2015-08-01T22:19:53","guid":{"rendered":"http:\/\/vinoveritas.com.mo\/products\/uncategorized\/batuta-2009\/"},"modified":"2019-12-18T03:09:24","modified_gmt":"2019-12-18T03:09:24","slug":"batuta-2009","status":"publish","type":"product","link":"https:\/\/vinoveritas.com.mo\/pt\/products\/wines\/red\/batuta-2009\/","title":{"rendered":"Batuta"},"content":{"rendered":"<p>As vinhas velhas da Quinta do Carril viradas a Norte s\u00e3o a base do Batuta, assim cmo as vinhas velhas com cerca de 100 anos, pr\u00f3ximas da Quinta de N\u00e1poles. O Batuta \u00e9 um vinho poderoso e elegante, com uma harmonia fant\u00e1stica e um excelente potencial de envelhecimento.<\/p>","protected":false},"excerpt":{"rendered":"<p>As vinhas velhas da Quinta do Carril viradas a Norte s\u00e3o a base do Batuta, assim cmo as vinhas velhas com cerca de 100 anos, pr\u00f3ximas da Quinta de N\u00e1poles. O Batuta \u00e9 um vinho poderoso e elegante, com uma harmonia fant\u00e1stica e um excelente potencial de envelhecimento.<\/p>\n","protected":false},"featured_media":5515,"comment_status":"closed","ping_status":"closed","template":"","meta":{"_acf_changed":false},"product_cat":[6,12],"product_tag":[],"acf":[],"_links":{"self":[{"href":"https:\/\/vinoveritas.com.mo\/pt\/wp-json\/wp\/v2\/product\/3185"}],"collection":[{"href":"https:\/\/vinoveritas.com.mo\/pt\/wp-json\/wp\/v2\/product"}],"about":[{"href":"https:\/\/vinoveritas.com.mo\/pt\/wp-json\/wp\/v2\/types\/product"}],"replies":[{"embeddable":true,"href":"https:\/\/vinoveritas.com.mo\/pt\/wp-json\/wp\/v2\/comments?post=3185"}],"wp:featuredmedia":[{"embeddable":true,"href":"https:\/\/vinoveritas.com.mo\/pt\/wp-json\/wp\/v2\/media\/5515"}],"wp:attachment":[{"href":"https:\/\/vinoveritas.com.mo\/pt\/wp-json\/wp\/v2\/media?parent=3185"}],"wp:term":[{"taxonomy":"product_cat","embeddable":true,"href":"https:\/\/vinoveritas.com.mo\/pt\/wp-json\/wp\/v2\/product_cat?post=3185"},{"taxonomy":"product_tag","embeddable":true,"href":"https:\/\/vinoveritas.com.mo\/pt\/wp-json\/wp\/v2\/product_tag?post=3185"}],"curies":[{"name":"wp","href":"https:\/\/api.w.org\/{rel}","templated":true}]}}