{"id":3172,"date":"2015-08-01T22:18:09","date_gmt":"2015-08-01T22:18:09","guid":{"rendered":"http:\/\/vinoveritas.com.mo\/products\/uncategorized\/quintas-das-tecedeiras-reserve-2009\/"},"modified":"2015-08-14T10:01:20","modified_gmt":"2015-08-14T10:01:20","slug":"quintas-das-tecedeiras-reserve-2009","status":"publish","type":"product","link":"https:\/\/vinoveritas.com.mo\/pt\/products\/wines\/red\/quintas-das-tecedeiras-reserve-2009\/","title":{"rendered":"Quintas das Tecedeiras Reserva"},"content":{"rendered":"<p>De cor intensa de granada, tem aromas bals\u00e2micos lembrando caruma, resina e infus\u00f5es herbais. Bagos silvestres e notas de especiarias doces. Redondo e fresco, com taninos em vibrante e longa interac\u00e7\u00e3o com o palato<\/p>","protected":false},"excerpt":{"rendered":"<p>De cor intensa de granada, tem aromas bals\u00e2micos lembrando caruma, resina e infus\u00f5es herbais. Bagos silvestres e notas de especiarias doces. Redondo e fresco, com taninos em vibrante e longa interac\u00e7\u00e3o com o palato<\/p>\n","protected":false},"featured_media":2476,"comment_status":"closed","ping_status":"closed","template":"","meta":{"_acf_changed":false},"product_cat":[6,12],"product_tag":[],"acf":[],"_links":{"self":[{"href":"https:\/\/vinoveritas.com.mo\/pt\/wp-json\/wp\/v2\/product\/3172"}],"collection":[{"href":"https:\/\/vinoveritas.com.mo\/pt\/wp-json\/wp\/v2\/product"}],"about":[{"href":"https:\/\/vinoveritas.com.mo\/pt\/wp-json\/wp\/v2\/types\/product"}],"replies":[{"embeddable":true,"href":"https:\/\/vinoveritas.com.mo\/pt\/wp-json\/wp\/v2\/comments?post=3172"}],"wp:featuredmedia":[{"embeddable":true,"href":"https:\/\/vinoveritas.com.mo\/pt\/wp-json\/wp\/v2\/media\/2476"}],"wp:attachment":[{"href":"https:\/\/vinoveritas.com.mo\/pt\/wp-json\/wp\/v2\/media?parent=3172"}],"wp:term":[{"taxonomy":"product_cat","embeddable":true,"href":"https:\/\/vinoveritas.com.mo\/pt\/wp-json\/wp\/v2\/product_cat?post=3172"},{"taxonomy":"product_tag","embeddable":true,"href":"https:\/\/vinoveritas.com.mo\/pt\/wp-json\/wp\/v2\/product_tag?post=3172"}],"curies":[{"name":"wp","href":"https:\/\/api.w.org\/{rel}","templated":true}]}}