{"id":3126,"date":"2015-08-01T22:13:15","date_gmt":"2015-08-01T22:13:15","guid":{"rendered":"http:\/\/vinoveritas.com.mo\/products\/uncategorized\/barbeito-frasqueira-sercial-1988\/"},"modified":"2021-07-28T03:05:02","modified_gmt":"2021-07-28T03:05:02","slug":"barbeito-frasqueira-sercial-1988","status":"publish","type":"product","link":"https:\/\/vinoveritas.com.mo\/pt\/products\/wines\/madeira\/barbeito-frasqueira-sercial-1988\/","title":{"rendered":"Barbeito Frasqueira Sercial"},"content":{"rendered":"<p>S\u00e3o utilizadas diversas vinhas de qualidade da \u00e1rea do Seixal. Uvas prensadas em prensa pneum\u00e1tica. Interrup\u00e7\u00e3o da fermenta\u00e7\u00e3o atrav\u00e9s da adi\u00e7\u00e3o de \u00e1lcool v\u00ednico. (96%). Vinho envelhecido em cascos de carvalho franc\u00eas segundo o processo tradicional de &#8220;Canteiro&#8221;.<\/p>","protected":false},"excerpt":{"rendered":"<p>S\u00e3o utilizadas diversas vinhas de qualidade da \u00e1rea do Seixal. Uvas prensadas em prensa pneum\u00e1tica. Interrup\u00e7\u00e3o da fermenta\u00e7\u00e3o atrav\u00e9s da adi\u00e7\u00e3o de \u00e1lcool v\u00ednico. (96%). Vinho envelhecido em cascos de carvalho franc\u00eas segundo o processo tradicional de &#8220;Canteiro&#8221;.<\/p>\n","protected":false},"featured_media":2251,"comment_status":"closed","ping_status":"closed","template":"","meta":{"_acf_changed":false},"product_cat":[6,15],"product_tag":[],"acf":[],"_links":{"self":[{"href":"https:\/\/vinoveritas.com.mo\/pt\/wp-json\/wp\/v2\/product\/3126"}],"collection":[{"href":"https:\/\/vinoveritas.com.mo\/pt\/wp-json\/wp\/v2\/product"}],"about":[{"href":"https:\/\/vinoveritas.com.mo\/pt\/wp-json\/wp\/v2\/types\/product"}],"replies":[{"embeddable":true,"href":"https:\/\/vinoveritas.com.mo\/pt\/wp-json\/wp\/v2\/comments?post=3126"}],"wp:featuredmedia":[{"embeddable":true,"href":"https:\/\/vinoveritas.com.mo\/pt\/wp-json\/wp\/v2\/media\/2251"}],"wp:attachment":[{"href":"https:\/\/vinoveritas.com.mo\/pt\/wp-json\/wp\/v2\/media?parent=3126"}],"wp:term":[{"taxonomy":"product_cat","embeddable":true,"href":"https:\/\/vinoveritas.com.mo\/pt\/wp-json\/wp\/v2\/product_cat?post=3126"},{"taxonomy":"product_tag","embeddable":true,"href":"https:\/\/vinoveritas.com.mo\/pt\/wp-json\/wp\/v2\/product_tag?post=3126"}],"curies":[{"name":"wp","href":"https:\/\/api.w.org\/{rel}","templated":true}]}}