{"id":3085,"date":"2015-08-01T22:08:58","date_gmt":"2015-08-01T22:08:58","guid":{"rendered":"http:\/\/vinoveritas.com.mo\/products\/uncategorized\/guru-2010\/"},"modified":"2020-01-31T07:04:03","modified_gmt":"2020-01-31T07:04:03","slug":"guru-2010","status":"publish","type":"product","link":"https:\/\/vinoveritas.com.mo\/pt\/products\/wines\/white\/guru-2010\/","title":{"rendered":"Guru"},"content":{"rendered":"<p>As uvas brancas utilizadas no Guru, como o\u00a0\u00a0Viosinho, Rabigato, Codega do Larinho, and Gouveio,\u00a0s\u00e3o provenientes de cepas com cerca de 50 anos de idade. \u00e8 fermentado e posteriormente estagio em barricas de carvalho franc\u00eas por 7 meses e este vinho caracteriza-se atrav\u00e9s da sua complexidade, mineralidade e frescura<\/p>","protected":false},"excerpt":{"rendered":"<p>As uvas brancas utilizadas no Guru, como o\u00a0\u00a0Viosinho, Rabigato, Codega do Larinho, and Gouveio,\u00a0s\u00e3o provenientes de cepas com cerca de 50 anos de idade. \u00e8 fermentado e posteriormente estagio em barricas de carvalho franc\u00eas por 7 meses e este vinho caracteriza-se atrav\u00e9s da sua complexidade, mineralidade e frescura<\/p>\n","protected":false},"featured_media":6822,"comment_status":"closed","ping_status":"closed","template":"","meta":{"_acf_changed":false},"product_cat":[6,11],"product_tag":[],"acf":[],"_links":{"self":[{"href":"https:\/\/vinoveritas.com.mo\/pt\/wp-json\/wp\/v2\/product\/3085"}],"collection":[{"href":"https:\/\/vinoveritas.com.mo\/pt\/wp-json\/wp\/v2\/product"}],"about":[{"href":"https:\/\/vinoveritas.com.mo\/pt\/wp-json\/wp\/v2\/types\/product"}],"replies":[{"embeddable":true,"href":"https:\/\/vinoveritas.com.mo\/pt\/wp-json\/wp\/v2\/comments?post=3085"}],"wp:featuredmedia":[{"embeddable":true,"href":"https:\/\/vinoveritas.com.mo\/pt\/wp-json\/wp\/v2\/media\/6822"}],"wp:attachment":[{"href":"https:\/\/vinoveritas.com.mo\/pt\/wp-json\/wp\/v2\/media?parent=3085"}],"wp:term":[{"taxonomy":"product_cat","embeddable":true,"href":"https:\/\/vinoveritas.com.mo\/pt\/wp-json\/wp\/v2\/product_cat?post=3085"},{"taxonomy":"product_tag","embeddable":true,"href":"https:\/\/vinoveritas.com.mo\/pt\/wp-json\/wp\/v2\/product_tag?post=3085"}],"curies":[{"name":"wp","href":"https:\/\/api.w.org\/{rel}","templated":true}]}}