{"id":3068,"date":"2015-08-01T22:07:35","date_gmt":"2015-08-01T22:07:35","guid":{"rendered":"http:\/\/vinoveritas.com.mo\/products\/uncategorized\/fojo-2000\/"},"modified":"2016-01-04T07:02:05","modified_gmt":"2016-01-04T07:02:05","slug":"fojo-2000","status":"publish","type":"product","link":"https:\/\/vinoveritas.com.mo\/pt\/products\/wines\/red\/fojo-2000\/","title":{"rendered":"Fojo"},"content":{"rendered":"<p>Estamos no vale do inh\u00e3o margem esquerda do rio, sub-regi\u00e3o do Cima-Corgo.<\/p>\n<p>A Vinha velha da Quinta do Fojo \u00e9 um terroir \u00fanico pelo seu equilibrio natural de onde resultam vinhos profundos e elegantes, complexos, de taninos redondos e firmes.<\/p>\n<p>Os vinhos produzidos na quinta s\u00e3o, dependendo dos anos, o Vinha do Fojo ou o Fojo. Sempre e exclusivamente da mesma vinha, uma vinha velha com castas misturadas.<\/p>\n<p>S\u00e3o vinhos de grande longevidade produzidos de forma tradicional, em lagares com pisa p\u00e9. Trabalhamos num total respeito pela vinha e pelo seu fruto, sem pr\u00e1ticas enol\u00f3gicas que manipulam o resultado final e que afastam o vinho da sua origem: a vinha.<\/p>","protected":false},"excerpt":{"rendered":"<p>Estamos no vale do inh\u00e3o margem esquerda do rio, sub-regi\u00e3o do Cima-Corgo. A Vinha velha da Quinta do Fojo \u00e9 um terroir \u00fanico pelo seu equilibrio natural de onde resultam vinhos profundos e elegantes, complexos, de taninos redondos e firmes. Os vinhos produzidos na quinta s\u00e3o, dependendo dos anos, o Vinha do Fojo ou o [&hellip;]<\/p>\n","protected":false},"featured_media":4747,"comment_status":"closed","ping_status":"closed","template":"","meta":{"_acf_changed":false},"product_cat":[6,12],"product_tag":[],"acf":[],"_links":{"self":[{"href":"https:\/\/vinoveritas.com.mo\/pt\/wp-json\/wp\/v2\/product\/3068"}],"collection":[{"href":"https:\/\/vinoveritas.com.mo\/pt\/wp-json\/wp\/v2\/product"}],"about":[{"href":"https:\/\/vinoveritas.com.mo\/pt\/wp-json\/wp\/v2\/types\/product"}],"replies":[{"embeddable":true,"href":"https:\/\/vinoveritas.com.mo\/pt\/wp-json\/wp\/v2\/comments?post=3068"}],"wp:featuredmedia":[{"embeddable":true,"href":"https:\/\/vinoveritas.com.mo\/pt\/wp-json\/wp\/v2\/media\/4747"}],"wp:attachment":[{"href":"https:\/\/vinoveritas.com.mo\/pt\/wp-json\/wp\/v2\/media?parent=3068"}],"wp:term":[{"taxonomy":"product_cat","embeddable":true,"href":"https:\/\/vinoveritas.com.mo\/pt\/wp-json\/wp\/v2\/product_cat?post=3068"},{"taxonomy":"product_tag","embeddable":true,"href":"https:\/\/vinoveritas.com.mo\/pt\/wp-json\/wp\/v2\/product_tag?post=3068"}],"curies":[{"name":"wp","href":"https:\/\/api.w.org\/{rel}","templated":true}]}}