{"id":3038,"date":"2015-08-01T22:04:55","date_gmt":"2015-08-01T22:04:55","guid":{"rendered":"http:\/\/vinoveritas.com.mo\/products\/uncategorized\/vista-alegre-3\/"},"modified":"2021-07-28T04:35:57","modified_gmt":"2021-07-28T04:35:57","slug":"vista-alegre-3","status":"publish","type":"product","link":"https:\/\/vinoveritas.com.mo\/pt\/products\/wines\/porto\/vista-alegre-3\/","title":{"rendered":"Vista Alegre Tawny 30 Anos"},"content":{"rendered":"<p>Este vinho \u00e9 produzido atrav\u00e9s das t\u00e9cnicas tradicionais do Vinho do Porto. Depois de um corte e esmagamento parcial das uvas, segue-se a fermenta\u00e7\u00e3o com macera\u00e7\u00e3o da pele. A fermenta\u00e7\u00e3o ocorre numa temperatura controlada, sendo interrompida pela adi\u00e7\u00e3o de aguardente.\u00a0Todo o processo de Vinifica\u00e7\u00e3o \u00e9 controlado pela equipa de enologia, considerando o tipo de uva, o seu n\u00edvel de matura\u00e7\u00e3o e o n\u00edvel de a\u00e7\u00facar desejado<\/p>","protected":false},"excerpt":{"rendered":"<p>Este vinho \u00e9 produzido atrav\u00e9s das t\u00e9cnicas tradicionais do Vinho do Porto. Depois de um corte e esmagamento parcial das uvas, segue-se a fermenta\u00e7\u00e3o com macera\u00e7\u00e3o da pele. A fermenta\u00e7\u00e3o ocorre numa temperatura controlada, sendo interrompida pela adi\u00e7\u00e3o de aguardente.\u00a0Todo o processo de Vinifica\u00e7\u00e3o \u00e9 controlado pela equipa de enologia, considerando o tipo de uva, [&hellip;]<\/p>\n","protected":false},"featured_media":2355,"comment_status":"closed","ping_status":"closed","template":"","meta":{"_acf_changed":false},"product_cat":[6,14],"product_tag":[],"acf":[],"_links":{"self":[{"href":"https:\/\/vinoveritas.com.mo\/pt\/wp-json\/wp\/v2\/product\/3038"}],"collection":[{"href":"https:\/\/vinoveritas.com.mo\/pt\/wp-json\/wp\/v2\/product"}],"about":[{"href":"https:\/\/vinoveritas.com.mo\/pt\/wp-json\/wp\/v2\/types\/product"}],"replies":[{"embeddable":true,"href":"https:\/\/vinoveritas.com.mo\/pt\/wp-json\/wp\/v2\/comments?post=3038"}],"wp:featuredmedia":[{"embeddable":true,"href":"https:\/\/vinoveritas.com.mo\/pt\/wp-json\/wp\/v2\/media\/2355"}],"wp:attachment":[{"href":"https:\/\/vinoveritas.com.mo\/pt\/wp-json\/wp\/v2\/media?parent=3038"}],"wp:term":[{"taxonomy":"product_cat","embeddable":true,"href":"https:\/\/vinoveritas.com.mo\/pt\/wp-json\/wp\/v2\/product_cat?post=3038"},{"taxonomy":"product_tag","embeddable":true,"href":"https:\/\/vinoveritas.com.mo\/pt\/wp-json\/wp\/v2\/product_tag?post=3038"}],"curies":[{"name":"wp","href":"https:\/\/api.w.org\/{rel}","templated":true}]}}