{"id":3009,"date":"2015-08-01T22:02:07","date_gmt":"2015-08-01T22:02:07","guid":{"rendered":"http:\/\/vinoveritas.com.mo\/products\/uncategorized\/ramos-pinto-port-dry-white\/"},"modified":"2015-08-19T08:24:41","modified_gmt":"2015-08-19T08:24:41","slug":"ramos-pinto-port-dry-white","status":"publish","type":"product","link":"https:\/\/vinoveritas.com.mo\/pt\/products\/wines\/porto\/ramos-pinto-port-dry-white\/","title":{"rendered":"Ramos Pinto Porto White"},"content":{"rendered":"<p>Quando se fala de Porto, vinho tinto \u00e9 a express\u00e3o que surge. As uvas brancas eram mais usadas para aligeirar o vinho tinto do que propriamente para produzir vinho branco.<br \/>\nHoje, com estudos e selec\u00e7\u00e3o das melhores castas (Viosinho para dar corpo, sensualidade e aroma, Rabigato para frescura e acidez, Arinto para o gosto mineral, eleg\u00e2ncia e finesse e Codega para o fruto maduro e volume), fazemos este vinho que, com as suas cores citrinas e douradas, nos revela gostos e aromas a frutos maduros, por vezes secos, com deliciosas interfer\u00eancias de outros aromas mais jovens e alegres.<br \/>\n\u00c9 um vinho com cerca de 100 gramas de a\u00e7\u00facar por litro.<\/p>","protected":false},"excerpt":{"rendered":"<p>Quando se fala de Porto, vinho tinto \u00e9 a express\u00e3o que surge. As uvas brancas eram mais usadas para aligeirar o vinho tinto do que propriamente para produzir vinho branco. Hoje, com estudos e selec\u00e7\u00e3o das melhores castas (Viosinho para dar corpo, sensualidade e aroma, Rabigato para frescura e acidez, Arinto para o gosto mineral, [&hellip;]<\/p>\n","protected":false},"featured_media":2327,"comment_status":"closed","ping_status":"closed","template":"","meta":{"_acf_changed":false},"product_cat":[6,14],"product_tag":[],"acf":[],"_links":{"self":[{"href":"https:\/\/vinoveritas.com.mo\/pt\/wp-json\/wp\/v2\/product\/3009"}],"collection":[{"href":"https:\/\/vinoveritas.com.mo\/pt\/wp-json\/wp\/v2\/product"}],"about":[{"href":"https:\/\/vinoveritas.com.mo\/pt\/wp-json\/wp\/v2\/types\/product"}],"replies":[{"embeddable":true,"href":"https:\/\/vinoveritas.com.mo\/pt\/wp-json\/wp\/v2\/comments?post=3009"}],"wp:featuredmedia":[{"embeddable":true,"href":"https:\/\/vinoveritas.com.mo\/pt\/wp-json\/wp\/v2\/media\/2327"}],"wp:attachment":[{"href":"https:\/\/vinoveritas.com.mo\/pt\/wp-json\/wp\/v2\/media?parent=3009"}],"wp:term":[{"taxonomy":"product_cat","embeddable":true,"href":"https:\/\/vinoveritas.com.mo\/pt\/wp-json\/wp\/v2\/product_cat?post=3009"},{"taxonomy":"product_tag","embeddable":true,"href":"https:\/\/vinoveritas.com.mo\/pt\/wp-json\/wp\/v2\/product_tag?post=3009"}],"curies":[{"name":"wp","href":"https:\/\/api.w.org\/{rel}","templated":true}]}}