{"id":2997,"date":"2015-08-01T22:00:29","date_gmt":"2015-08-01T22:00:29","guid":{"rendered":"http:\/\/vinoveritas.com.mo\/products\/uncategorized\/white\/"},"modified":"2015-11-18T10:47:52","modified_gmt":"2015-11-18T10:47:52","slug":"white","status":"publish","type":"product","link":"https:\/\/vinoveritas.com.mo\/pt\/products\/wines\/porto\/white\/","title":{"rendered":"Niepoort Porto White"},"content":{"rendered":"<p>O Vinho do Porto Branco Niepoort \u00e9 produzido com uvas brancas (Malvasia Fina, Viosinho e Gouveio). O Porto Branco passa um ano em grandes dep\u00f3sitos de carvalho, seguindo-se no m\u00ednimo, mais tr\u00eas em pequenos barris velhos de carvalho, antes do engarrafamento. De cor dourada escura, com um aroma fresco a nozes e tra\u00e7os de fruta. Meio-doce no palato, interagindo na perfei\u00e7\u00e3o com a aguardente que d\u00e1 ao vinho uma soberba estrutura.<\/p>","protected":false},"excerpt":{"rendered":"<p>O Vinho do Porto Branco Niepoort \u00e9 produzido com uvas brancas (Malvasia Fina, Viosinho e Gouveio). O Porto Branco passa um ano em grandes dep\u00f3sitos de carvalho, seguindo-se no m\u00ednimo, mais tr\u00eas em pequenos barris velhos de carvalho, antes do engarrafamento. De cor dourada escura, com um aroma fresco a nozes e tra\u00e7os de fruta. [&hellip;]<\/p>\n","protected":false},"featured_media":2315,"comment_status":"closed","ping_status":"closed","template":"","meta":{"_acf_changed":false},"product_cat":[6,14],"product_tag":[],"acf":[],"_links":{"self":[{"href":"https:\/\/vinoveritas.com.mo\/pt\/wp-json\/wp\/v2\/product\/2997"}],"collection":[{"href":"https:\/\/vinoveritas.com.mo\/pt\/wp-json\/wp\/v2\/product"}],"about":[{"href":"https:\/\/vinoveritas.com.mo\/pt\/wp-json\/wp\/v2\/types\/product"}],"replies":[{"embeddable":true,"href":"https:\/\/vinoveritas.com.mo\/pt\/wp-json\/wp\/v2\/comments?post=2997"}],"wp:featuredmedia":[{"embeddable":true,"href":"https:\/\/vinoveritas.com.mo\/pt\/wp-json\/wp\/v2\/media\/2315"}],"wp:attachment":[{"href":"https:\/\/vinoveritas.com.mo\/pt\/wp-json\/wp\/v2\/media?parent=2997"}],"wp:term":[{"taxonomy":"product_cat","embeddable":true,"href":"https:\/\/vinoveritas.com.mo\/pt\/wp-json\/wp\/v2\/product_cat?post=2997"},{"taxonomy":"product_tag","embeddable":true,"href":"https:\/\/vinoveritas.com.mo\/pt\/wp-json\/wp\/v2\/product_tag?post=2997"}],"curies":[{"name":"wp","href":"https:\/\/api.w.org\/{rel}","templated":true}]}}