{"id":2982,"date":"2015-08-01T21:58:37","date_gmt":"2015-08-01T21:58:37","guid":{"rendered":"http:\/\/vinoveritas.com.mo\/products\/uncategorized\/dry-white\/"},"modified":"2016-05-26T02:23:34","modified_gmt":"2016-05-26T02:23:34","slug":"dry-white","status":"publish","type":"product","link":"https:\/\/vinoveritas.com.mo\/pt\/products\/wines\/porto\/dry-white\/","title":{"rendered":"Niepoort Porto Dry White"},"content":{"rendered":"<p>O Branco Seco da Niepoort \u00e9 produzido de forma tradicional, passando por uma longa macera\u00e7\u00e3o com as pel\u00edculas. O lote final inclui v\u00e1rios vinhos envelhecidos em barricas de carvalho, durante uma m\u00e9dia de 3,5 anos. Apresenta-s alourado, com aromas de nozes e am\u00eandoas, e um final fresco e concentrado. O Branco Seco \u00e9 \u00f3ptimo servido fresco como aperitivo ou com \u00e1gua t\u00f3nica, gelo e uma rodela ou casca de lim\u00e3o.<\/p>","protected":false},"excerpt":{"rendered":"<p>O Branco Seco da Niepoort \u00e9 produzido de forma tradicional, passando por uma longa macera\u00e7\u00e3o com as pel\u00edculas. O lote final inclui v\u00e1rios vinhos envelhecidos em barricas de carvalho, durante uma m\u00e9dia de 3,5 anos. Apresenta-s alourado, com aromas de nozes e am\u00eandoas, e um final fresco e concentrado. O Branco Seco \u00e9 \u00f3ptimo servido [&hellip;]<\/p>\n","protected":false},"featured_media":5443,"comment_status":"closed","ping_status":"closed","template":"","meta":{"_acf_changed":false},"product_cat":[6,14],"product_tag":[],"acf":[],"_links":{"self":[{"href":"https:\/\/vinoveritas.com.mo\/pt\/wp-json\/wp\/v2\/product\/2982"}],"collection":[{"href":"https:\/\/vinoveritas.com.mo\/pt\/wp-json\/wp\/v2\/product"}],"about":[{"href":"https:\/\/vinoveritas.com.mo\/pt\/wp-json\/wp\/v2\/types\/product"}],"replies":[{"embeddable":true,"href":"https:\/\/vinoveritas.com.mo\/pt\/wp-json\/wp\/v2\/comments?post=2982"}],"wp:featuredmedia":[{"embeddable":true,"href":"https:\/\/vinoveritas.com.mo\/pt\/wp-json\/wp\/v2\/media\/5443"}],"wp:attachment":[{"href":"https:\/\/vinoveritas.com.mo\/pt\/wp-json\/wp\/v2\/media?parent=2982"}],"wp:term":[{"taxonomy":"product_cat","embeddable":true,"href":"https:\/\/vinoveritas.com.mo\/pt\/wp-json\/wp\/v2\/product_cat?post=2982"},{"taxonomy":"product_tag","embeddable":true,"href":"https:\/\/vinoveritas.com.mo\/pt\/wp-json\/wp\/v2\/product_tag?post=2982"}],"curies":[{"name":"wp","href":"https:\/\/api.w.org\/{rel}","templated":true}]}}