{"id":2977,"date":"2015-08-01T21:57:52","date_gmt":"2015-08-01T21:57:52","guid":{"rendered":"http:\/\/vinoveritas.com.mo\/products\/uncategorized\/colheita-1998\/"},"modified":"2016-05-26T03:02:10","modified_gmt":"2016-05-26T03:02:10","slug":"colheita-1998","status":"publish","type":"product","link":"https:\/\/vinoveritas.com.mo\/pt\/products\/wines\/porto\/colheita-1998\/","title":{"rendered":"Niepoort Porto Colheita"},"content":{"rendered":"<p>Os Colheita s\u00e3o Portos Tawny de um \u00fanico ano, envelhecidos em cascos. A idade m\u00ednima exigida \u00e9 de 7 anos, mas \u00e9 tradi\u00e7\u00e3o da Niepoort envelhecer o vinho durante mais alguns anos antes do engarrafamento. Destacam-se as notas de madeira e frutos secos devido ao lento envelhecimendto em pipas. O colheita acompanha bem sobremesas de frutos secos e creme queimado. Como aperitivo, cria uma combina\u00e7\u00e3o excelente com foie gras.<\/p>","protected":false},"excerpt":{"rendered":"<p>Os Colheita s\u00e3o Portos Tawny de um \u00fanico ano, envelhecidos em cascos. A idade m\u00ednima exigida \u00e9 de 7 anos, mas \u00e9 tradi\u00e7\u00e3o da Niepoort envelhecer o vinho durante mais alguns anos antes do engarrafamento. Destacam-se as notas de madeira e frutos secos devido ao lento envelhecimendto em pipas. O colheita acompanha bem sobremesas de [&hellip;]<\/p>\n","protected":false},"featured_media":2299,"comment_status":"closed","ping_status":"closed","template":"","meta":{"_acf_changed":false},"product_cat":[6,14],"product_tag":[],"acf":[],"_links":{"self":[{"href":"https:\/\/vinoveritas.com.mo\/pt\/wp-json\/wp\/v2\/product\/2977"}],"collection":[{"href":"https:\/\/vinoveritas.com.mo\/pt\/wp-json\/wp\/v2\/product"}],"about":[{"href":"https:\/\/vinoveritas.com.mo\/pt\/wp-json\/wp\/v2\/types\/product"}],"replies":[{"embeddable":true,"href":"https:\/\/vinoveritas.com.mo\/pt\/wp-json\/wp\/v2\/comments?post=2977"}],"wp:featuredmedia":[{"embeddable":true,"href":"https:\/\/vinoveritas.com.mo\/pt\/wp-json\/wp\/v2\/media\/2299"}],"wp:attachment":[{"href":"https:\/\/vinoveritas.com.mo\/pt\/wp-json\/wp\/v2\/media?parent=2977"}],"wp:term":[{"taxonomy":"product_cat","embeddable":true,"href":"https:\/\/vinoveritas.com.mo\/pt\/wp-json\/wp\/v2\/product_cat?post=2977"},{"taxonomy":"product_tag","embeddable":true,"href":"https:\/\/vinoveritas.com.mo\/pt\/wp-json\/wp\/v2\/product_tag?post=2977"}],"curies":[{"name":"wp","href":"https:\/\/api.w.org\/{rel}","templated":true}]}}